{"id":1161,"date":"2023-08-02T12:38:16","date_gmt":"2023-08-02T10:38:16","guid":{"rendered":"https:\/\/duran.hr\/naslovnica\/"},"modified":"2023-11-30T13:52:36","modified_gmt":"2023-11-30T12:52:36","slug":"naslovnica","status":"publish","type":"page","link":"https:\/\/duran.hr\/hr\/","title":{"rendered":"Naslovnica"},"content":{"rendered":"\t\t<div data-elementor-type=\"wp-page\" data-elementor-id=\"1161\" class=\"elementor elementor-1161 elementor-503\" data-elementor-post-type=\"page\">\n\t\t\t\t\t\t<section class=\"elementor-section elementor-top-section elementor-element elementor-element-17b7b1fd elementor-section-full_width elementor-section-height-min-height elementor-section-items-stretch elementor-section-height-default elementor-invisible\" data-id=\"17b7b1fd\" data-element_type=\"section\" data-settings=\"{&quot;animation&quot;:&quot;fadeIn&quot;,&quot;background_background&quot;:&quot;classic&quot;}\">\n\t\t\t\t\t\t<div class=\"elementor-container elementor-column-gap-default\">\n\t\t\t\t\t<div class=\"elementor-column elementor-col-100 elementor-top-column elementor-element elementor-element-c61b891\" data-id=\"c61b891\" data-element_type=\"column\" data-settings=\"{&quot;background_background&quot;:&quot;classic&quot;}\">\n\t\t\t<div class=\"elementor-widget-wrap elementor-element-populated\">\n\t\t\t\t\t\t<div class=\"elementor-element elementor-element-378d29ae elementor-widget__width-initial elementor-fixed elementor-hidden-phone elementor-widget elementor-widget-spacer\" data-id=\"378d29ae\" data-element_type=\"widget\" data-settings=\"{&quot;_position&quot;:&quot;fixed&quot;}\" data-widget_type=\"spacer.default\">\n\t\t\t\t<div class=\"elementor-widget-container\">\n\t\t\t\t\t\t\t<div class=\"elementor-spacer\">\n\t\t\t<div class=\"elementor-spacer-inner\"><\/div>\n\t\t<\/div>\n\t\t\t\t\t\t<\/div>\n\t\t\t\t<\/div>\n\t\t\t\t<div class=\"elementor-element elementor-element-566a80d5 elementor-grid-1 elementor-widget__width-initial elementor-fixed elementor-widget-tablet__width-initial elementor-hidden-phone elementor-shape-rounded e-grid-align-center elementor-widget elementor-widget-social-icons\" data-id=\"566a80d5\" data-element_type=\"widget\" data-settings=\"{&quot;_position&quot;:&quot;fixed&quot;}\" data-widget_type=\"social-icons.default\">\n\t\t\t\t<div class=\"elementor-widget-container\">\n\t\t\t\t\t\t\t<div class=\"elementor-social-icons-wrapper elementor-grid\">\n\t\t\t\t\t\t\t<span class=\"elementor-grid-item\">\n\t\t\t\t\t<a class=\"elementor-icon elementor-social-icon elementor-social-icon-linkedin-in elementor-animation-grow elementor-repeater-item-67244ad\" href=\"https:\/\/www.linkedin.com\/in\/zvonimir-%C4%91uran-09699393\/\" target=\"_blank\">\n\t\t\t\t\t\t<span class=\"elementor-screen-only\">Linkedin-in<\/span>\n\t\t\t\t\t\t<i class=\"fab fa-linkedin-in\"><\/i>\t\t\t\t\t<\/a>\n\t\t\t\t<\/span>\n\t\t\t\t\t\t\t<span class=\"elementor-grid-item\">\n\t\t\t\t\t<a class=\"elementor-icon elementor-social-icon elementor-social-icon-phone-alt elementor-animation-grow elementor-repeater-item-0a8f117\" href=\"tel:00385913093313\" target=\"_blank\">\n\t\t\t\t\t\t<span class=\"elementor-screen-only\">Phone-alt<\/span>\n\t\t\t\t\t\t<i class=\"fas fa-phone-alt\"><\/i>\t\t\t\t\t<\/a>\n\t\t\t\t<\/span>\n\t\t\t\t\t\t\t<span class=\"elementor-grid-item\">\n\t\t\t\t\t<a class=\"elementor-icon elementor-social-icon elementor-social-icon-envelope elementor-animation-grow elementor-repeater-item-0afeeec\" href=\"mailto:info@duran.hr\" target=\"_blank\">\n\t\t\t\t\t\t<span class=\"elementor-screen-only\">Envelope<\/span>\n\t\t\t\t\t\t<i class=\"far fa-envelope\"><\/i>\t\t\t\t\t<\/a>\n\t\t\t\t<\/span>\n\t\t\t\t\t<\/div>\n\t\t\t\t\t\t<\/div>\n\t\t\t\t<\/div>\n\t\t\t\t<div class=\"elementor-element elementor-element-482e1ab5 elementor-absolute elementor-widget elementor-widget-spacer\" data-id=\"482e1ab5\" data-element_type=\"widget\" data-settings=\"{&quot;_position&quot;:&quot;absolute&quot;}\" data-widget_type=\"spacer.default\">\n\t\t\t\t<div class=\"elementor-widget-container\">\n\t\t\t\t\t\t\t<div class=\"elementor-spacer\">\n\t\t\t<div class=\"elementor-spacer-inner\"><\/div>\n\t\t<\/div>\n\t\t\t\t\t\t<\/div>\n\t\t\t\t<\/div>\n\t\t\t\t<div class=\"elementor-element elementor-element-3b326d50 elementor-absolute elementor-widget elementor-widget-spacer\" data-id=\"3b326d50\" data-element_type=\"widget\" data-settings=\"{&quot;_position&quot;:&quot;absolute&quot;}\" data-widget_type=\"spacer.default\">\n\t\t\t\t<div class=\"elementor-widget-container\">\n\t\t\t\t\t\t\t<div class=\"elementor-spacer\">\n\t\t\t<div class=\"elementor-spacer-inner\"><\/div>\n\t\t<\/div>\n\t\t\t\t\t\t<\/div>\n\t\t\t\t<\/div>\n\t\t\t\t<section class=\"elementor-section elementor-inner-section elementor-element elementor-element-59ada139 elementor-section-boxed elementor-section-height-default elementor-section-height-default\" data-id=\"59ada139\" data-element_type=\"section\">\n\t\t\t\t\t\t<div class=\"elementor-container elementor-column-gap-default\">\n\t\t\t\t\t<div class=\"elementor-column elementor-col-100 elementor-inner-column elementor-element elementor-element-55abe554\" data-id=\"55abe554\" data-element_type=\"column\">\n\t\t\t<div class=\"elementor-widget-wrap elementor-element-populated\">\n\t\t\t\t\t\t<div class=\"elementor-element elementor-element-4a69d46a elementor-invisible elementor-widget elementor-widget-heading\" data-id=\"4a69d46a\" data-element_type=\"widget\" data-settings=\"{&quot;_animation&quot;:&quot;fadeInUp&quot;,&quot;_animation_delay&quot;:&quot;200&quot;}\" data-widget_type=\"heading.default\">\n\t\t\t\t<div class=\"elementor-widget-container\">\n\t\t\t\t\t<h1 class=\"elementor-heading-title elementor-size-default\">Fokusirani na Va\u0161 uspjeh<\/h1>\t\t\t\t<\/div>\n\t\t\t\t<\/div>\n\t\t\t\t<div class=\"elementor-element elementor-element-c913f95 elementor-invisible elementor-widget elementor-widget-button\" data-id=\"c913f95\" data-element_type=\"widget\" data-settings=\"{&quot;_animation&quot;:&quot;fadeInUp&quot;,&quot;_animation_delay&quot;:&quot;600&quot;}\" data-widget_type=\"button.default\">\n\t\t\t\t<div class=\"elementor-widget-container\">\n\t\t\t\t\t\t\t\t\t<div class=\"elementor-button-wrapper\">\n\t\t\t\t\t<a class=\"elementor-button elementor-button-link elementor-size-sm\" href=\"https:\/\/duran.hr\/hr\/zvonimir-duran\/\">\n\t\t\t\t\t\t<span class=\"elementor-button-content-wrapper\">\n\t\t\t\t\t\t\t\t\t<span class=\"elementor-button-text\">O uredu<\/span>\n\t\t\t\t\t<\/span>\n\t\t\t\t\t<\/a>\n\t\t\t\t<\/div>\n\t\t\t\t\t\t\t\t<\/div>\n\t\t\t\t<\/div>\n\t\t\t\t\t<\/div>\n\t\t<\/div>\n\t\t\t\t\t<\/div>\n\t\t<\/section>\n\t\t\t\t\t<\/div>\n\t\t<\/div>\n\t\t\t\t\t<\/div>\n\t\t<\/section>\n\t\t\t\t<\/div>\n\t\t","protected":false},"excerpt":{"rendered":"<p>Linkedin-in Phone-alt Envelope Fokusirani na Va\u0161 uspjeh O uredu<\/p>\n","protected":false},"author":1,"featured_media":0,"parent":0,"menu_order":0,"comment_status":"closed","ping_status":"closed","template":"elementor_header_footer","meta":{"footnotes":""},"class_list":["post-1161","page","type-page","status-publish","hentry"],"yoast_head":"<!-- This site is optimized with the Yoast SEO Premium plugin v24.3 (Yoast SEO v24.3) - https:\/\/yoast.com\/wordpress\/plugins\/seo\/ -->\n<title>Odvjetni\u010dki ured Zvonimir \u0110uran<\/title>\n<meta name=\"description\" content=\"Na\u0161a pravna podr\u0161ka prilago\u0111ena je va\u0161im specifi\u010dnim potrebama i ciljevima. Omogu\u0107ujemo Vam da minimizirate pravne rizike i postignete uspjeh.\" \/>\n<meta name=\"robots\" content=\"index, follow, max-snippet:-1, max-image-preview:large, max-video-preview:-1\" \/>\n<link rel=\"canonical\" href=\"https:\/\/duran.hr\/hr\/\" \/>\n<meta property=\"og:locale\" content=\"hr_HR\" \/>\n<meta property=\"og:type\" content=\"article\" \/>\n<meta property=\"og:title\" content=\"Naslovnica - Zvonimir \u0110uran\" \/>\n<meta property=\"og:description\" content=\"Na\u0161a pravna podr\u0161ka prilago\u0111ena je va\u0161im specifi\u010dnim potrebama i ciljevima. S dubokim razumijevanjem poslovnih procesa i tr\u017ei\u0161ne dinamike, omogu\u0107ujemo Vam da postignete svoje poslovne ciljeve uz minimiziranje pravnih rizika.\" \/>\n<meta property=\"og:url\" content=\"https:\/\/duran.hr\/hr\/\" \/>\n<meta property=\"og:site_name\" content=\"Zvonimir \u0110uran\" \/>\n<meta property=\"article:modified_time\" content=\"2023-11-30T12:52:36+00:00\" \/>\n<meta property=\"og:image\" content=\"https:\/\/duran.hr\/wp-content\/uploads\/2023\/08\/duran_logo.png\" \/>\n\t<meta property=\"og:image:width\" content=\"877\" \/>\n\t<meta property=\"og:image:height\" content=\"234\" \/>\n\t<meta property=\"og:image:type\" content=\"image\/png\" \/>\n<meta name=\"twitter:card\" content=\"summary_large_image\" \/>\n<meta name=\"twitter:title\" content=\"Naslovnica\" \/>\n<meta name=\"twitter:label1\" content=\"Procijenjeno vrijeme \u010ditanja\" \/>\n\t<meta name=\"twitter:data1\" content=\"1 minuta\" \/>\n<script type=\"application\/ld+json\" class=\"yoast-schema-graph\">{\"@context\":\"https:\/\/schema.org\",\"@graph\":[{\"@type\":\"WebPage\",\"@id\":\"https:\/\/duran.hr\/hr\/\",\"url\":\"https:\/\/duran.hr\/hr\/\",\"name\":\"Odvjetni\u010dki ured Zvonimir \u0110uran\",\"isPartOf\":{\"@id\":\"https:\/\/duran.hr\/#website\"},\"datePublished\":\"2023-08-02T10:38:16+00:00\",\"dateModified\":\"2023-11-30T12:52:36+00:00\",\"description\":\"Na\u0161a pravna podr\u0161ka prilago\u0111ena je va\u0161im specifi\u010dnim potrebama i ciljevima. Omogu\u0107ujemo Vam da minimizirate pravne rizike i postignete uspjeh.\",\"breadcrumb\":{\"@id\":\"https:\/\/duran.hr\/hr\/#breadcrumb\"},\"inLanguage\":\"hr\",\"potentialAction\":[{\"@type\":\"ReadAction\",\"target\":[\"https:\/\/duran.hr\/hr\/\"]}]},{\"@type\":\"BreadcrumbList\",\"@id\":\"https:\/\/duran.hr\/hr\/#breadcrumb\",\"itemListElement\":[{\"@type\":\"ListItem\",\"position\":1,\"name\":\"Home\",\"item\":\"https:\/\/duran.hr\/hr\/\"},{\"@type\":\"ListItem\",\"position\":2,\"name\":\"Naslovnica\"}]},{\"@type\":\"WebSite\",\"@id\":\"https:\/\/duran.hr\/#website\",\"url\":\"https:\/\/duran.hr\/\",\"name\":\"Zvonimir \u0110uran\",\"description\":\"Odvjetni\u010dki ured\",\"publisher\":{\"@id\":\"https:\/\/duran.hr\/#organization\"},\"alternateName\":\"Zvonimir \u0110uran\",\"potentialAction\":[{\"@type\":\"SearchAction\",\"target\":{\"@type\":\"EntryPoint\",\"urlTemplate\":\"https:\/\/duran.hr\/?s={search_term_string}\"},\"query-input\":{\"@type\":\"PropertyValueSpecification\",\"valueRequired\":true,\"valueName\":\"search_term_string\"}}],\"inLanguage\":\"hr\"},{\"@type\":\"Organization\",\"@id\":\"https:\/\/duran.hr\/#organization\",\"name\":\"Zvonimir \u0110uran\",\"alternateName\":\"Zvonimir \u0110uran\",\"url\":\"https:\/\/duran.hr\/\",\"logo\":{\"@type\":\"ImageObject\",\"inLanguage\":\"hr\",\"@id\":\"https:\/\/duran.hr\/#\/schema\/logo\/image\/\",\"url\":\"https:\/\/duran.hr\/wp-content\/uploads\/2023\/08\/duran_logo.png\",\"contentUrl\":\"https:\/\/duran.hr\/wp-content\/uploads\/2023\/08\/duran_logo.png\",\"width\":877,\"height\":234,\"caption\":\"Zvonimir \u0110uran\"},\"image\":{\"@id\":\"https:\/\/duran.hr\/#\/schema\/logo\/image\/\"},\"sameAs\":[\"https:\/\/hr.linkedin.com\/in\/zvonimir-uran-09699393\"]}]}<\/script>\n<!-- \/ Yoast SEO Premium plugin. -->","yoast_head_json":{"title":"Odvjetni\u010dki ured Zvonimir \u0110uran","description":"Na\u0161a pravna podr\u0161ka prilago\u0111ena je va\u0161im specifi\u010dnim potrebama i ciljevima. Omogu\u0107ujemo Vam da minimizirate pravne rizike i postignete uspjeh.","robots":{"index":"index","follow":"follow","max-snippet":"max-snippet:-1","max-image-preview":"max-image-preview:large","max-video-preview":"max-video-preview:-1"},"canonical":"https:\/\/duran.hr\/hr\/","og_locale":"hr_HR","og_type":"article","og_title":"Naslovnica - Zvonimir \u0110uran","og_description":"Na\u0161a pravna podr\u0161ka prilago\u0111ena je va\u0161im specifi\u010dnim potrebama i ciljevima. S dubokim razumijevanjem poslovnih procesa i tr\u017ei\u0161ne dinamike, omogu\u0107ujemo Vam da postignete svoje poslovne ciljeve uz minimiziranje pravnih rizika.","og_url":"https:\/\/duran.hr\/hr\/","og_site_name":"Zvonimir \u0110uran","article_modified_time":"2023-11-30T12:52:36+00:00","og_image":[{"width":877,"height":234,"url":"https:\/\/duran.hr\/wp-content\/uploads\/2023\/08\/duran_logo.png","type":"image\/png"}],"twitter_card":"summary_large_image","twitter_title":"Naslovnica","twitter_misc":{"Procijenjeno vrijeme \u010ditanja":"1 minuta"},"schema":{"@context":"https:\/\/schema.org","@graph":[{"@type":"WebPage","@id":"https:\/\/duran.hr\/hr\/","url":"https:\/\/duran.hr\/hr\/","name":"Odvjetni\u010dki ured Zvonimir \u0110uran","isPartOf":{"@id":"https:\/\/duran.hr\/#website"},"datePublished":"2023-08-02T10:38:16+00:00","dateModified":"2023-11-30T12:52:36+00:00","description":"Na\u0161a pravna podr\u0161ka prilago\u0111ena je va\u0161im specifi\u010dnim potrebama i ciljevima. Omogu\u0107ujemo Vam da minimizirate pravne rizike i postignete uspjeh.","breadcrumb":{"@id":"https:\/\/duran.hr\/hr\/#breadcrumb"},"inLanguage":"hr","potentialAction":[{"@type":"ReadAction","target":["https:\/\/duran.hr\/hr\/"]}]},{"@type":"BreadcrumbList","@id":"https:\/\/duran.hr\/hr\/#breadcrumb","itemListElement":[{"@type":"ListItem","position":1,"name":"Home","item":"https:\/\/duran.hr\/hr\/"},{"@type":"ListItem","position":2,"name":"Naslovnica"}]},{"@type":"WebSite","@id":"https:\/\/duran.hr\/#website","url":"https:\/\/duran.hr\/","name":"Zvonimir \u0110uran","description":"Odvjetni\u010dki ured","publisher":{"@id":"https:\/\/duran.hr\/#organization"},"alternateName":"Zvonimir \u0110uran","potentialAction":[{"@type":"SearchAction","target":{"@type":"EntryPoint","urlTemplate":"https:\/\/duran.hr\/?s={search_term_string}"},"query-input":{"@type":"PropertyValueSpecification","valueRequired":true,"valueName":"search_term_string"}}],"inLanguage":"hr"},{"@type":"Organization","@id":"https:\/\/duran.hr\/#organization","name":"Zvonimir \u0110uran","alternateName":"Zvonimir \u0110uran","url":"https:\/\/duran.hr\/","logo":{"@type":"ImageObject","inLanguage":"hr","@id":"https:\/\/duran.hr\/#\/schema\/logo\/image\/","url":"https:\/\/duran.hr\/wp-content\/uploads\/2023\/08\/duran_logo.png","contentUrl":"https:\/\/duran.hr\/wp-content\/uploads\/2023\/08\/duran_logo.png","width":877,"height":234,"caption":"Zvonimir \u0110uran"},"image":{"@id":"https:\/\/duran.hr\/#\/schema\/logo\/image\/"},"sameAs":["https:\/\/hr.linkedin.com\/in\/zvonimir-uran-09699393"]}]}},"_links":{"self":[{"href":"https:\/\/duran.hr\/hr\/wp-json\/wp\/v2\/pages\/1161","targetHints":{"allow":["GET"]}}],"collection":[{"href":"https:\/\/duran.hr\/hr\/wp-json\/wp\/v2\/pages"}],"about":[{"href":"https:\/\/duran.hr\/hr\/wp-json\/wp\/v2\/types\/page"}],"author":[{"embeddable":true,"href":"https:\/\/duran.hr\/hr\/wp-json\/wp\/v2\/users\/1"}],"replies":[{"embeddable":true,"href":"https:\/\/duran.hr\/hr\/wp-json\/wp\/v2\/comments?post=1161"}],"version-history":[{"count":4,"href":"https:\/\/duran.hr\/hr\/wp-json\/wp\/v2\/pages\/1161\/revisions"}],"predecessor-version":[{"id":1609,"href":"https:\/\/duran.hr\/hr\/wp-json\/wp\/v2\/pages\/1161\/revisions\/1609"}],"wp:attachment":[{"href":"https:\/\/duran.hr\/hr\/wp-json\/wp\/v2\/media?parent=1161"}],"curies":[{"name":"wp","href":"https:\/\/api.w.org\/{rel}","templated":true}]}}