{"id":1191,"date":"2023-08-04T09:06:03","date_gmt":"2023-08-04T07:06:03","guid":{"rendered":"https:\/\/duran.hr\/it\/"},"modified":"2023-11-30T08:39:25","modified_gmt":"2023-11-30T07:39:25","slug":"it","status":"publish","type":"page","link":"https:\/\/duran.hr\/hr\/it\/","title":{"rendered":"IT"},"content":{"rendered":"\t\t<div data-elementor-type=\"wp-page\" data-elementor-id=\"1191\" class=\"elementor elementor-1191 elementor-512\" data-elementor-post-type=\"page\">\n\t\t\t\t\t\t<section class=\"elementor-section elementor-top-section elementor-element elementor-element-4713ca02 elementor-section-full_width elementor-section-height-min-height elementor-section-items-stretch elementor-section-height-default\" data-id=\"4713ca02\" data-element_type=\"section\" data-settings=\"{&quot;background_background&quot;:&quot;classic&quot;}\">\n\t\t\t\t\t\t\t<div class=\"elementor-background-overlay\"><\/div>\n\t\t\t\t\t\t\t<div class=\"elementor-container elementor-column-gap-default\">\n\t\t\t\t\t<div class=\"elementor-column elementor-col-100 elementor-top-column elementor-element elementor-element-7de48df9\" data-id=\"7de48df9\" data-element_type=\"column\">\n\t\t\t<div class=\"elementor-widget-wrap elementor-element-populated\">\n\t\t\t\t\t\t<div class=\"elementor-element elementor-element-6e763bc elementor-widget__width-initial elementor-fixed elementor-hidden-phone elementor-widget elementor-widget-spacer\" data-id=\"6e763bc\" data-element_type=\"widget\" data-settings=\"{&quot;_position&quot;:&quot;fixed&quot;}\" data-widget_type=\"spacer.default\">\n\t\t\t\t<div class=\"elementor-widget-container\">\n\t\t\t\t\t\t\t<div class=\"elementor-spacer\">\n\t\t\t<div class=\"elementor-spacer-inner\"><\/div>\n\t\t<\/div>\n\t\t\t\t\t\t<\/div>\n\t\t\t\t<\/div>\n\t\t\t\t<div class=\"elementor-element elementor-element-1963ff1f elementor-grid-1 elementor-widget__width-initial elementor-fixed elementor-widget-tablet__width-initial elementor-hidden-phone elementor-shape-rounded e-grid-align-center elementor-widget elementor-widget-social-icons\" data-id=\"1963ff1f\" data-element_type=\"widget\" data-settings=\"{&quot;_position&quot;:&quot;fixed&quot;}\" data-widget_type=\"social-icons.default\">\n\t\t\t\t<div class=\"elementor-widget-container\">\n\t\t\t\t\t\t\t<div class=\"elementor-social-icons-wrapper elementor-grid\">\n\t\t\t\t\t\t\t<span class=\"elementor-grid-item\">\n\t\t\t\t\t<a class=\"elementor-icon elementor-social-icon elementor-social-icon-linkedin-in elementor-animation-grow elementor-repeater-item-67244ad\" href=\"https:\/\/www.linkedin.com\/in\/zvonimir-%C4%91uran-09699393\/\" target=\"_blank\">\n\t\t\t\t\t\t<span class=\"elementor-screen-only\">Linkedin-in<\/span>\n\t\t\t\t\t\t<i class=\"fab fa-linkedin-in\"><\/i>\t\t\t\t\t<\/a>\n\t\t\t\t<\/span>\n\t\t\t\t\t\t\t<span class=\"elementor-grid-item\">\n\t\t\t\t\t<a class=\"elementor-icon elementor-social-icon elementor-social-icon-phone-alt elementor-animation-grow elementor-repeater-item-0a8f117\" href=\"tel:00385913093313\" target=\"_blank\">\n\t\t\t\t\t\t<span class=\"elementor-screen-only\">Phone-alt<\/span>\n\t\t\t\t\t\t<i class=\"fas fa-phone-alt\"><\/i>\t\t\t\t\t<\/a>\n\t\t\t\t<\/span>\n\t\t\t\t\t\t\t<span class=\"elementor-grid-item\">\n\t\t\t\t\t<a class=\"elementor-icon elementor-social-icon elementor-social-icon-envelope elementor-animation-grow elementor-repeater-item-0afeeec\" href=\"mailto:info@duran.hr\" target=\"_blank\">\n\t\t\t\t\t\t<span class=\"elementor-screen-only\">Envelope<\/span>\n\t\t\t\t\t\t<i class=\"far fa-envelope\"><\/i>\t\t\t\t\t<\/a>\n\t\t\t\t<\/span>\n\t\t\t\t\t<\/div>\n\t\t\t\t\t\t<\/div>\n\t\t\t\t<\/div>\n\t\t\t\t<div class=\"elementor-element elementor-element-280a8b60 elementor-absolute elementor-widget elementor-widget-spacer\" data-id=\"280a8b60\" data-element_type=\"widget\" data-settings=\"{&quot;_position&quot;:&quot;absolute&quot;}\" data-widget_type=\"spacer.default\">\n\t\t\t\t<div class=\"elementor-widget-container\">\n\t\t\t\t\t\t\t<div class=\"elementor-spacer\">\n\t\t\t<div class=\"elementor-spacer-inner\"><\/div>\n\t\t<\/div>\n\t\t\t\t\t\t<\/div>\n\t\t\t\t<\/div>\n\t\t\t\t<div class=\"elementor-element elementor-element-1fdf081b elementor-absolute elementor-widget elementor-widget-spacer\" data-id=\"1fdf081b\" data-element_type=\"widget\" data-settings=\"{&quot;_position&quot;:&quot;absolute&quot;}\" data-widget_type=\"spacer.default\">\n\t\t\t\t<div class=\"elementor-widget-container\">\n\t\t\t\t\t\t\t<div class=\"elementor-spacer\">\n\t\t\t<div class=\"elementor-spacer-inner\"><\/div>\n\t\t<\/div>\n\t\t\t\t\t\t<\/div>\n\t\t\t\t<\/div>\n\t\t\t\t<section class=\"elementor-section elementor-inner-section elementor-element elementor-element-41833bf8 elementor-section-boxed elementor-section-height-default elementor-section-height-default\" data-id=\"41833bf8\" data-element_type=\"section\">\n\t\t\t\t\t\t<div class=\"elementor-container elementor-column-gap-default\">\n\t\t\t\t\t<div class=\"elementor-column elementor-col-100 elementor-inner-column elementor-element elementor-element-2e6dd2b9\" data-id=\"2e6dd2b9\" data-element_type=\"column\">\n\t\t\t<div class=\"elementor-widget-wrap elementor-element-populated\">\n\t\t\t\t\t\t<div class=\"elementor-element elementor-element-6a23bc45 elementor-widget__width-auto elementor-widget elementor-widget-heading\" data-id=\"6a23bc45\" data-element_type=\"widget\" data-widget_type=\"heading.default\">\n\t\t\t\t<div class=\"elementor-widget-container\">\n\t\t\t\t\t<span class=\"elementor-heading-title elementor-size-default\"><a href=\"https:\/\/duran.hr\/hr\/\">Naslovnica - <\/a><\/span>\t\t\t\t<\/div>\n\t\t\t\t<\/div>\n\t\t\t\t<div class=\"elementor-element elementor-element-7ec0c13e elementor-widget__width-auto elementor-widget elementor-widget-heading\" data-id=\"7ec0c13e\" data-element_type=\"widget\" data-widget_type=\"heading.default\">\n\t\t\t\t<div class=\"elementor-widget-container\">\n\t\t\t\t\t<span class=\"elementor-heading-title elementor-size-default\"><a href=\"https:\/\/duran.hr\/hr\/sektori\/\">Sektori<\/a><\/span>\t\t\t\t<\/div>\n\t\t\t\t<\/div>\n\t\t\t\t<div class=\"elementor-element elementor-element-3f677988 elementor-widget elementor-widget-heading\" data-id=\"3f677988\" data-element_type=\"widget\" data-widget_type=\"heading.default\">\n\t\t\t\t<div class=\"elementor-widget-container\">\n\t\t\t\t\t<h2 class=\"elementor-heading-title elementor-size-default\">IT<\/h2>\t\t\t\t<\/div>\n\t\t\t\t<\/div>\n\t\t\t\t\t<\/div>\n\t\t<\/div>\n\t\t\t\t\t<\/div>\n\t\t<\/section>\n\t\t\t\t\t<\/div>\n\t\t<\/div>\n\t\t\t\t\t<\/div>\n\t\t<\/section>\n\t\t\t\t<section class=\"elementor-section elementor-top-section elementor-element elementor-element-38c4a66d elementor-section-boxed elementor-section-height-default elementor-section-height-default\" data-id=\"38c4a66d\" data-element_type=\"section\" data-settings=\"{&quot;background_background&quot;:&quot;classic&quot;}\">\n\t\t\t\t\t\t<div class=\"elementor-container elementor-column-gap-default\">\n\t\t\t\t\t<div class=\"elementor-column elementor-col-50 elementor-top-column elementor-element elementor-element-6fce9212\" data-id=\"6fce9212\" data-element_type=\"column\">\n\t\t\t<div class=\"elementor-widget-wrap elementor-element-populated\">\n\t\t\t\t\t\t<div class=\"elementor-element elementor-element-54b60c91 elementor-widget elementor-widget-text-editor\" data-id=\"54b60c91\" data-element_type=\"widget\" data-widget_type=\"text-editor.default\">\n\t\t\t\t<div class=\"elementor-widget-container\">\n\t\t\t\t\t\t\t\t\t<p class=\"p1\">IT je jedan od najdinami\u010dnijih sektora dana\u0161njice. Svojim sna\u017enim rastom i neprekidnim razvojem generira disrupciju u tradicionalnim industrijama. Na jednak na\u010din, IT sektor postaje poligon za pravne novine \u2013 od za\u0161tite osobnih podataka i informacijske sigurnosti, pa do regulacije blockchain-a.<\/p>\n<p class=\"p1\">Odvjetni\u010dki ured \u0110uran pru\u017ea sveobuhvatne pravne usluge prilago\u0111ene kompanijama iz sektora informacijskih tehnologija. Razumijemo radnopravne specifi\u010dnosti s kojima se IT kompanije susre\u0107u glede zabrane natjecanja radnika s poslodavcem, pogodnosti freelance anga\u017emana te nu\u017enosti za\u0161tite tajnosti podataka kojima pristup imaju zaposlenici i partneri. Shva\u0107amo da jezgru vrijednosti IT kompanija predstavlja njihovo intelektualno vlasni\u0161tvo te pru\u017eamo ekstenzivnu pravnu pomo\u0107 kada je u pitanju upravljanje patentima, \u017eigovima i ostalim pravima intelektualnog vlasni\u0161tva.  <\/p>\n<p class=\"p1\">Tako\u0111er, pru\u017eamo pravnu pomo\u0107 u svim stadijima razvoja poslovanja, po\u010dev\u0161i od seed financiranja u ranim fazama razvoja pa sve do procesa akvizicije i preuzimanja kompanije.<\/p>\n\t\t\t\t\t\t\t\t<\/div>\n\t\t\t\t<\/div>\n\t\t\t\t\t<\/div>\n\t\t<\/div>\n\t\t\t\t<div class=\"elementor-column elementor-col-50 elementor-top-column elementor-element elementor-element-5f1a58ad\" data-id=\"5f1a58ad\" data-element_type=\"column\">\n\t\t\t<div class=\"elementor-widget-wrap elementor-element-populated\">\n\t\t\t\t\t\t<section class=\"elementor-section elementor-inner-section elementor-element elementor-element-528b8c9 elementor-section-boxed elementor-section-height-default elementor-section-height-default\" data-id=\"528b8c9\" data-element_type=\"section\" data-settings=\"{&quot;background_background&quot;:&quot;classic&quot;}\">\n\t\t\t\t\t\t<div class=\"elementor-container elementor-column-gap-default\">\n\t\t\t\t\t<div class=\"elementor-column elementor-col-100 elementor-inner-column elementor-element elementor-element-01fbafa\" data-id=\"01fbafa\" data-element_type=\"column\">\n\t\t\t<div class=\"elementor-widget-wrap elementor-element-populated\">\n\t\t\t\t\t\t<div class=\"elementor-element elementor-element-9ca5239 elementor-widget elementor-widget-heading\" data-id=\"9ca5239\" data-element_type=\"widget\" data-widget_type=\"heading.default\">\n\t\t\t\t<div class=\"elementor-widget-container\">\n\t\t\t\t\t<h5 class=\"elementor-heading-title elementor-size-default\">Ostali sektori<\/h5>\t\t\t\t<\/div>\n\t\t\t\t<\/div>\n\t\t\t\t<div class=\"elementor-element elementor-element-14668c9 elementor-widget elementor-widget-image\" data-id=\"14668c9\" data-element_type=\"widget\" data-widget_type=\"image.default\">\n\t\t\t\t<div class=\"elementor-widget-container\">\n\t\t\t\t\t\t\t\t\t\t\t\t\t\t\t<img fetchpriority=\"high\" decoding=\"async\" width=\"512\" height=\"512\" src=\"https:\/\/duran.hr\/wp-content\/uploads\/2023\/08\/Turizam_gold.png\" class=\"attachment-large size-large wp-image-628\" alt=\"\" srcset=\"https:\/\/duran.hr\/wp-content\/uploads\/2023\/08\/Turizam_gold.png 512w, https:\/\/duran.hr\/wp-content\/uploads\/2023\/08\/Turizam_gold-300x300.png 300w, https:\/\/duran.hr\/wp-content\/uploads\/2023\/08\/Turizam_gold-150x150.png 150w\" sizes=\"(max-width: 512px) 100vw, 512px\" \/>\t\t\t\t\t\t\t\t\t\t\t\t\t\t\t<\/div>\n\t\t\t\t<\/div>\n\t\t\t\t<div class=\"elementor-element elementor-element-a35d324 sidebar elementor-widget elementor-widget-text-editor\" data-id=\"a35d324\" data-element_type=\"widget\" data-widget_type=\"text-editor.default\">\n\t\t\t\t<div class=\"elementor-widget-container\">\n\t\t\t\t\t\t\t\t\t<a style=\"color: inherit;\" href=\"https:\/\/duran.hr\/hr\/turizam\">Turizam<\/a>\t\t\t\t\t\t\t\t<\/div>\n\t\t\t\t<\/div>\n\t\t\t\t<div class=\"elementor-element elementor-element-2e888f3 elementor-widget elementor-widget-image\" data-id=\"2e888f3\" data-element_type=\"widget\" data-widget_type=\"image.default\">\n\t\t\t\t<div class=\"elementor-widget-container\">\n\t\t\t\t\t\t\t\t\t\t\t\t\t\t\t<img decoding=\"async\" width=\"512\" height=\"512\" src=\"https:\/\/duran.hr\/wp-content\/uploads\/2023\/08\/Energetika_gold.png\" class=\"attachment-large size-large wp-image-626\" alt=\"\" srcset=\"https:\/\/duran.hr\/wp-content\/uploads\/2023\/08\/Energetika_gold.png 512w, https:\/\/duran.hr\/wp-content\/uploads\/2023\/08\/Energetika_gold-300x300.png 300w, https:\/\/duran.hr\/wp-content\/uploads\/2023\/08\/Energetika_gold-150x150.png 150w\" sizes=\"(max-width: 512px) 100vw, 512px\" \/>\t\t\t\t\t\t\t\t\t\t\t\t\t\t\t<\/div>\n\t\t\t\t<\/div>\n\t\t\t\t<div class=\"elementor-element elementor-element-a69b525 sidebar elementor-widget elementor-widget-text-editor\" data-id=\"a69b525\" data-element_type=\"widget\" data-widget_type=\"text-editor.default\">\n\t\t\t\t<div class=\"elementor-widget-container\">\n\t\t\t\t\t\t\t\t\t<a style=\"color: inherit;\" href=\"https:\/\/duran.hr\/hr\/energetika\/\">Energetika<\/a>\t\t\t\t\t\t\t\t<\/div>\n\t\t\t\t<\/div>\n\t\t\t\t<div class=\"elementor-element elementor-element-778761f elementor-widget elementor-widget-image\" data-id=\"778761f\" data-element_type=\"widget\" data-widget_type=\"image.default\">\n\t\t\t\t<div class=\"elementor-widget-container\">\n\t\t\t\t\t\t\t\t\t\t\t\t\t\t\t<img decoding=\"async\" width=\"512\" height=\"512\" src=\"https:\/\/duran.hr\/wp-content\/uploads\/2023\/08\/Infrastruktura_gold.png\" class=\"attachment-large size-large wp-image-620\" alt=\"\" srcset=\"https:\/\/duran.hr\/wp-content\/uploads\/2023\/08\/Infrastruktura_gold.png 512w, https:\/\/duran.hr\/wp-content\/uploads\/2023\/08\/Infrastruktura_gold-300x300.png 300w, https:\/\/duran.hr\/wp-content\/uploads\/2023\/08\/Infrastruktura_gold-150x150.png 150w\" sizes=\"(max-width: 512px) 100vw, 512px\" \/>\t\t\t\t\t\t\t\t\t\t\t\t\t\t\t<\/div>\n\t\t\t\t<\/div>\n\t\t\t\t<div class=\"elementor-element elementor-element-a0d9a8e sidebar elementor-widget elementor-widget-text-editor\" data-id=\"a0d9a8e\" data-element_type=\"widget\" data-widget_type=\"text-editor.default\">\n\t\t\t\t<div class=\"elementor-widget-container\">\n\t\t\t\t\t\t\t\t\t<a style=\"color: inherit;\" href=\"https:\/\/duran.hr\/hr\/infrastruktura-i-gradenje\/\">Infrastruktura i gra\u0111enje<\/a>\t\t\t\t\t\t\t\t<\/div>\n\t\t\t\t<\/div>\n\t\t\t\t<div class=\"elementor-element elementor-element-dd873a1 elementor-widget elementor-widget-image\" data-id=\"dd873a1\" data-element_type=\"widget\" data-widget_type=\"image.default\">\n\t\t\t\t<div class=\"elementor-widget-container\">\n\t\t\t\t\t\t\t\t\t\t\t\t\t\t\t<img loading=\"lazy\" decoding=\"async\" width=\"512\" height=\"512\" src=\"https:\/\/duran.hr\/wp-content\/uploads\/2023\/08\/Trgovina_gold.png\" class=\"attachment-large size-large wp-image-622\" alt=\"\" srcset=\"https:\/\/duran.hr\/wp-content\/uploads\/2023\/08\/Trgovina_gold.png 512w, https:\/\/duran.hr\/wp-content\/uploads\/2023\/08\/Trgovina_gold-300x300.png 300w, https:\/\/duran.hr\/wp-content\/uploads\/2023\/08\/Trgovina_gold-150x150.png 150w\" sizes=\"(max-width: 512px) 100vw, 512px\" \/>\t\t\t\t\t\t\t\t\t\t\t\t\t\t\t<\/div>\n\t\t\t\t<\/div>\n\t\t\t\t<div class=\"elementor-element elementor-element-81257bf sidebar elementor-widget elementor-widget-text-editor\" data-id=\"81257bf\" data-element_type=\"widget\" data-widget_type=\"text-editor.default\">\n\t\t\t\t<div class=\"elementor-widget-container\">\n\t\t\t\t\t\t\t\t\t<p><a style=\"color: inherit;\" href=\"https:\/\/duran.hr\/hr\/trgovina-i-transport\/\">Trgovina i transport<\/a><\/p>\t\t\t\t\t\t\t\t<\/div>\n\t\t\t\t<\/div>\n\t\t\t\t<div class=\"elementor-element elementor-element-2636a8f elementor-widget elementor-widget-image\" data-id=\"2636a8f\" data-element_type=\"widget\" data-widget_type=\"image.default\">\n\t\t\t\t<div class=\"elementor-widget-container\">\n\t\t\t\t\t\t\t\t\t\t\t\t\t\t\t<img loading=\"lazy\" decoding=\"async\" width=\"512\" height=\"512\" src=\"https:\/\/duran.hr\/wp-content\/uploads\/2023\/08\/Bankarstvo_gold.png\" class=\"attachment-large size-large wp-image-624\" alt=\"\" srcset=\"https:\/\/duran.hr\/wp-content\/uploads\/2023\/08\/Bankarstvo_gold.png 512w, https:\/\/duran.hr\/wp-content\/uploads\/2023\/08\/Bankarstvo_gold-300x300.png 300w, https:\/\/duran.hr\/wp-content\/uploads\/2023\/08\/Bankarstvo_gold-150x150.png 150w\" sizes=\"(max-width: 512px) 100vw, 512px\" \/>\t\t\t\t\t\t\t\t\t\t\t\t\t\t\t<\/div>\n\t\t\t\t<\/div>\n\t\t\t\t<div class=\"elementor-element elementor-element-a304e60 sidebar elementor-widget elementor-widget-text-editor\" data-id=\"a304e60\" data-element_type=\"widget\" data-widget_type=\"text-editor.default\">\n\t\t\t\t<div class=\"elementor-widget-container\">\n\t\t\t\t\t\t\t\t\t<p><a style=\"color: inherit;\" href=\"https:\/\/duran.hr\/hr\/bankarstvo-i-financije\/\">Bankarstvo i financije<\/a><\/p>\t\t\t\t\t\t\t\t<\/div>\n\t\t\t\t<\/div>\n\t\t\t\t\t<\/div>\n\t\t<\/div>\n\t\t\t\t\t<\/div>\n\t\t<\/section>\n\t\t\t\t\t<\/div>\n\t\t<\/div>\n\t\t\t\t\t<\/div>\n\t\t<\/section>\n\t\t\t\t<\/div>\n\t\t","protected":false},"excerpt":{"rendered":"<p>Linkedin-in Phone-alt Envelope Naslovnica &#8211; Sektori IT IT je jedan od najdinami\u010dnijih sektora dana\u0161njice. Svojim sna\u017enim rastom i neprekidnim razvojem generira disrupciju u tradicionalnim industrijama. Na jednak na\u010din, IT sektor postaje poligon za pravne novine \u2013 od za\u0161tite osobnih podataka i informacijske sigurnosti, pa do regulacije blockchain-a. Odvjetni\u010dki ured \u0110uran pru\u017ea sveobuhvatne pravne usluge prilago\u0111ene [&hellip;]<\/p>\n","protected":false},"author":1,"featured_media":0,"parent":0,"menu_order":0,"comment_status":"closed","ping_status":"closed","template":"","meta":{"footnotes":""},"class_list":["post-1191","page","type-page","status-publish","hentry"],"yoast_head":"<!-- This site is optimized with the Yoast SEO Premium plugin v24.3 (Yoast SEO v24.3) - https:\/\/yoast.com\/wordpress\/plugins\/seo\/ -->\n<title>IT - Zvonimir \u0110uran<\/title>\n<meta name=\"description\" content=\"Specijalizirane pravne usluge za IT sektor uklju\u010duju\u0107i za\u0161titu intelektualnog vlasni\u0161tva i podr\u0161ku kroz razvoj poslovanja.\" \/>\n<meta name=\"robots\" content=\"index, follow, max-snippet:-1, max-image-preview:large, max-video-preview:-1\" \/>\n<link rel=\"canonical\" href=\"https:\/\/duran.hr\/it\/\" \/>\n<meta property=\"og:locale\" content=\"hr_HR\" \/>\n<meta property=\"og:type\" content=\"article\" \/>\n<meta property=\"og:title\" content=\"IT\" \/>\n<meta property=\"og:description\" content=\"Na\u0161a pravna podr\u0161ka prilago\u0111ena je va\u0161im specifi\u010dnim potrebama i ciljevima. S dubokim razumijevanjem poslovnih procesa i tr\u017ei\u0161ne dinamike, omogu\u0107ujemo Vam da postignete svoje poslovne ciljeve uz minimiziranje pravnih rizika.\" \/>\n<meta property=\"og:url\" content=\"https:\/\/duran.hr\/it\/\" \/>\n<meta property=\"og:site_name\" content=\"Zvonimir \u0110uran\" \/>\n<meta property=\"article:modified_time\" content=\"2023-11-30T07:39:25+00:00\" \/>\n<meta property=\"og:image\" content=\"https:\/\/duran.hr\/wp-content\/uploads\/2023\/08\/Turizam_gold.png\" \/>\n<meta name=\"twitter:card\" content=\"summary_large_image\" \/>\n<meta name=\"twitter:label1\" content=\"Procijenjeno vrijeme \u010ditanja\" \/>\n\t<meta name=\"twitter:data1\" content=\"2 minute\" \/>\n<script type=\"application\/ld+json\" class=\"yoast-schema-graph\">{\"@context\":\"https:\/\/schema.org\",\"@graph\":[{\"@type\":\"WebPage\",\"@id\":\"https:\/\/duran.hr\/it\/\",\"url\":\"https:\/\/duran.hr\/it\/\",\"name\":\"IT - Zvonimir \u0110uran\",\"isPartOf\":{\"@id\":\"https:\/\/duran.hr\/#website\"},\"primaryImageOfPage\":{\"@id\":\"https:\/\/duran.hr\/it\/#primaryimage\"},\"image\":{\"@id\":\"https:\/\/duran.hr\/it\/#primaryimage\"},\"thumbnailUrl\":\"https:\/\/duran.hr\/wp-content\/uploads\/2023\/08\/Turizam_gold.png\",\"datePublished\":\"2023-08-04T07:06:03+00:00\",\"dateModified\":\"2023-11-30T07:39:25+00:00\",\"description\":\"Specijalizirane pravne usluge za IT sektor uklju\u010duju\u0107i za\u0161titu intelektualnog vlasni\u0161tva i podr\u0161ku kroz razvoj poslovanja.\",\"breadcrumb\":{\"@id\":\"https:\/\/duran.hr\/it\/#breadcrumb\"},\"inLanguage\":\"hr\",\"potentialAction\":[{\"@type\":\"ReadAction\",\"target\":[\"https:\/\/duran.hr\/it\/\"]}]},{\"@type\":\"ImageObject\",\"inLanguage\":\"hr\",\"@id\":\"https:\/\/duran.hr\/it\/#primaryimage\",\"url\":\"https:\/\/duran.hr\/wp-content\/uploads\/2023\/08\/Turizam_gold.png\",\"contentUrl\":\"https:\/\/duran.hr\/wp-content\/uploads\/2023\/08\/Turizam_gold.png\"},{\"@type\":\"BreadcrumbList\",\"@id\":\"https:\/\/duran.hr\/it\/#breadcrumb\",\"itemListElement\":[{\"@type\":\"ListItem\",\"position\":1,\"name\":\"Home\",\"item\":\"https:\/\/duran.hr\/hr\/\"},{\"@type\":\"ListItem\",\"position\":2,\"name\":\"IT\"}]},{\"@type\":\"WebSite\",\"@id\":\"https:\/\/duran.hr\/#website\",\"url\":\"https:\/\/duran.hr\/\",\"name\":\"Zvonimir \u0110uran\",\"description\":\"Odvjetni\u010dki ured\",\"publisher\":{\"@id\":\"https:\/\/duran.hr\/#organization\"},\"alternateName\":\"Zvonimir \u0110uran\",\"potentialAction\":[{\"@type\":\"SearchAction\",\"target\":{\"@type\":\"EntryPoint\",\"urlTemplate\":\"https:\/\/duran.hr\/?s={search_term_string}\"},\"query-input\":{\"@type\":\"PropertyValueSpecification\",\"valueRequired\":true,\"valueName\":\"search_term_string\"}}],\"inLanguage\":\"hr\"},{\"@type\":\"Organization\",\"@id\":\"https:\/\/duran.hr\/#organization\",\"name\":\"Zvonimir \u0110uran\",\"alternateName\":\"Zvonimir \u0110uran\",\"url\":\"https:\/\/duran.hr\/\",\"logo\":{\"@type\":\"ImageObject\",\"inLanguage\":\"hr\",\"@id\":\"https:\/\/duran.hr\/#\/schema\/logo\/image\/\",\"url\":\"https:\/\/duran.hr\/wp-content\/uploads\/2023\/08\/duran_logo.png\",\"contentUrl\":\"https:\/\/duran.hr\/wp-content\/uploads\/2023\/08\/duran_logo.png\",\"width\":877,\"height\":234,\"caption\":\"Zvonimir \u0110uran\"},\"image\":{\"@id\":\"https:\/\/duran.hr\/#\/schema\/logo\/image\/\"},\"sameAs\":[\"https:\/\/hr.linkedin.com\/in\/zvonimir-uran-09699393\"]}]}<\/script>\n<!-- \/ Yoast SEO Premium plugin. -->","yoast_head_json":{"title":"IT - Zvonimir \u0110uran","description":"Specijalizirane pravne usluge za IT sektor uklju\u010duju\u0107i za\u0161titu intelektualnog vlasni\u0161tva i podr\u0161ku kroz razvoj poslovanja.","robots":{"index":"index","follow":"follow","max-snippet":"max-snippet:-1","max-image-preview":"max-image-preview:large","max-video-preview":"max-video-preview:-1"},"canonical":"https:\/\/duran.hr\/it\/","og_locale":"hr_HR","og_type":"article","og_title":"IT","og_description":"Na\u0161a pravna podr\u0161ka prilago\u0111ena je va\u0161im specifi\u010dnim potrebama i ciljevima. S dubokim razumijevanjem poslovnih procesa i tr\u017ei\u0161ne dinamike, omogu\u0107ujemo Vam da postignete svoje poslovne ciljeve uz minimiziranje pravnih rizika.","og_url":"https:\/\/duran.hr\/it\/","og_site_name":"Zvonimir \u0110uran","article_modified_time":"2023-11-30T07:39:25+00:00","og_image":[{"url":"https:\/\/duran.hr\/wp-content\/uploads\/2023\/08\/Turizam_gold.png","type":"","width":"","height":""}],"twitter_card":"summary_large_image","twitter_misc":{"Procijenjeno vrijeme \u010ditanja":"2 minute"},"schema":{"@context":"https:\/\/schema.org","@graph":[{"@type":"WebPage","@id":"https:\/\/duran.hr\/it\/","url":"https:\/\/duran.hr\/it\/","name":"IT - Zvonimir \u0110uran","isPartOf":{"@id":"https:\/\/duran.hr\/#website"},"primaryImageOfPage":{"@id":"https:\/\/duran.hr\/it\/#primaryimage"},"image":{"@id":"https:\/\/duran.hr\/it\/#primaryimage"},"thumbnailUrl":"https:\/\/duran.hr\/wp-content\/uploads\/2023\/08\/Turizam_gold.png","datePublished":"2023-08-04T07:06:03+00:00","dateModified":"2023-11-30T07:39:25+00:00","description":"Specijalizirane pravne usluge za IT sektor uklju\u010duju\u0107i za\u0161titu intelektualnog vlasni\u0161tva i podr\u0161ku kroz razvoj poslovanja.","breadcrumb":{"@id":"https:\/\/duran.hr\/it\/#breadcrumb"},"inLanguage":"hr","potentialAction":[{"@type":"ReadAction","target":["https:\/\/duran.hr\/it\/"]}]},{"@type":"ImageObject","inLanguage":"hr","@id":"https:\/\/duran.hr\/it\/#primaryimage","url":"https:\/\/duran.hr\/wp-content\/uploads\/2023\/08\/Turizam_gold.png","contentUrl":"https:\/\/duran.hr\/wp-content\/uploads\/2023\/08\/Turizam_gold.png"},{"@type":"BreadcrumbList","@id":"https:\/\/duran.hr\/it\/#breadcrumb","itemListElement":[{"@type":"ListItem","position":1,"name":"Home","item":"https:\/\/duran.hr\/hr\/"},{"@type":"ListItem","position":2,"name":"IT"}]},{"@type":"WebSite","@id":"https:\/\/duran.hr\/#website","url":"https:\/\/duran.hr\/","name":"Zvonimir \u0110uran","description":"Odvjetni\u010dki ured","publisher":{"@id":"https:\/\/duran.hr\/#organization"},"alternateName":"Zvonimir \u0110uran","potentialAction":[{"@type":"SearchAction","target":{"@type":"EntryPoint","urlTemplate":"https:\/\/duran.hr\/?s={search_term_string}"},"query-input":{"@type":"PropertyValueSpecification","valueRequired":true,"valueName":"search_term_string"}}],"inLanguage":"hr"},{"@type":"Organization","@id":"https:\/\/duran.hr\/#organization","name":"Zvonimir \u0110uran","alternateName":"Zvonimir \u0110uran","url":"https:\/\/duran.hr\/","logo":{"@type":"ImageObject","inLanguage":"hr","@id":"https:\/\/duran.hr\/#\/schema\/logo\/image\/","url":"https:\/\/duran.hr\/wp-content\/uploads\/2023\/08\/duran_logo.png","contentUrl":"https:\/\/duran.hr\/wp-content\/uploads\/2023\/08\/duran_logo.png","width":877,"height":234,"caption":"Zvonimir \u0110uran"},"image":{"@id":"https:\/\/duran.hr\/#\/schema\/logo\/image\/"},"sameAs":["https:\/\/hr.linkedin.com\/in\/zvonimir-uran-09699393"]}]}},"_links":{"self":[{"href":"https:\/\/duran.hr\/hr\/wp-json\/wp\/v2\/pages\/1191","targetHints":{"allow":["GET"]}}],"collection":[{"href":"https:\/\/duran.hr\/hr\/wp-json\/wp\/v2\/pages"}],"about":[{"href":"https:\/\/duran.hr\/hr\/wp-json\/wp\/v2\/types\/page"}],"author":[{"embeddable":true,"href":"https:\/\/duran.hr\/hr\/wp-json\/wp\/v2\/users\/1"}],"replies":[{"embeddable":true,"href":"https:\/\/duran.hr\/hr\/wp-json\/wp\/v2\/comments?post=1191"}],"version-history":[{"count":0,"href":"https:\/\/duran.hr\/hr\/wp-json\/wp\/v2\/pages\/1191\/revisions"}],"wp:attachment":[{"href":"https:\/\/duran.hr\/hr\/wp-json\/wp\/v2\/media?parent=1191"}],"curies":[{"name":"wp","href":"https:\/\/api.w.org\/{rel}","templated":true}]}}