{"id":1214,"date":"2023-08-08T07:24:05","date_gmt":"2023-08-08T05:24:05","guid":{"rendered":"https:\/\/duran.hr\/pomorsko-pravo\/"},"modified":"2023-11-30T09:04:48","modified_gmt":"2023-11-30T08:04:48","slug":"pomorsko-pravo","status":"publish","type":"page","link":"https:\/\/duran.hr\/hr\/pomorsko-pravo\/","title":{"rendered":"Pomorsko pravo"},"content":{"rendered":"\t\t<div data-elementor-type=\"wp-page\" data-elementor-id=\"1214\" class=\"elementor elementor-1214 elementor-775\" data-elementor-post-type=\"page\">\n\t\t\t\t\t\t<section class=\"elementor-section elementor-top-section elementor-element elementor-element-4713ca02 elementor-section-full_width elementor-section-height-min-height elementor-section-items-stretch elementor-section-height-default\" data-id=\"4713ca02\" data-element_type=\"section\" data-settings=\"{&quot;background_background&quot;:&quot;classic&quot;}\">\n\t\t\t\t\t\t\t<div class=\"elementor-background-overlay\"><\/div>\n\t\t\t\t\t\t\t<div class=\"elementor-container elementor-column-gap-default\">\n\t\t\t\t\t<div class=\"elementor-column elementor-col-100 elementor-top-column elementor-element elementor-element-7de48df9\" data-id=\"7de48df9\" data-element_type=\"column\">\n\t\t\t<div class=\"elementor-widget-wrap elementor-element-populated\">\n\t\t\t\t\t\t<div class=\"elementor-element elementor-element-6e763bc elementor-widget__width-initial elementor-fixed elementor-hidden-phone elementor-widget elementor-widget-spacer\" data-id=\"6e763bc\" data-element_type=\"widget\" data-settings=\"{&quot;_position&quot;:&quot;fixed&quot;}\" data-widget_type=\"spacer.default\">\n\t\t\t\t<div class=\"elementor-widget-container\">\n\t\t\t\t\t\t\t<div class=\"elementor-spacer\">\n\t\t\t<div class=\"elementor-spacer-inner\"><\/div>\n\t\t<\/div>\n\t\t\t\t\t\t<\/div>\n\t\t\t\t<\/div>\n\t\t\t\t<div class=\"elementor-element elementor-element-1963ff1f elementor-grid-1 elementor-widget__width-initial elementor-fixed elementor-widget-tablet__width-initial elementor-hidden-phone elementor-shape-rounded e-grid-align-center elementor-widget elementor-widget-social-icons\" data-id=\"1963ff1f\" data-element_type=\"widget\" data-settings=\"{&quot;_position&quot;:&quot;fixed&quot;}\" data-widget_type=\"social-icons.default\">\n\t\t\t\t<div class=\"elementor-widget-container\">\n\t\t\t\t\t\t\t<div class=\"elementor-social-icons-wrapper elementor-grid\">\n\t\t\t\t\t\t\t<span class=\"elementor-grid-item\">\n\t\t\t\t\t<a class=\"elementor-icon elementor-social-icon elementor-social-icon-linkedin-in elementor-animation-grow elementor-repeater-item-67244ad\" href=\"https:\/\/www.linkedin.com\/in\/zvonimir-%C4%91uran-09699393\/\" target=\"_blank\">\n\t\t\t\t\t\t<span class=\"elementor-screen-only\">Linkedin-in<\/span>\n\t\t\t\t\t\t<i class=\"fab fa-linkedin-in\"><\/i>\t\t\t\t\t<\/a>\n\t\t\t\t<\/span>\n\t\t\t\t\t\t\t<span class=\"elementor-grid-item\">\n\t\t\t\t\t<a class=\"elementor-icon elementor-social-icon elementor-social-icon-phone-alt elementor-animation-grow elementor-repeater-item-0a8f117\" href=\"tel:00385913093313\" target=\"_blank\">\n\t\t\t\t\t\t<span class=\"elementor-screen-only\">Phone-alt<\/span>\n\t\t\t\t\t\t<i class=\"fas fa-phone-alt\"><\/i>\t\t\t\t\t<\/a>\n\t\t\t\t<\/span>\n\t\t\t\t\t\t\t<span class=\"elementor-grid-item\">\n\t\t\t\t\t<a class=\"elementor-icon elementor-social-icon elementor-social-icon-envelope elementor-animation-grow elementor-repeater-item-0afeeec\" href=\"mailto:info@duran.hr\" target=\"_blank\">\n\t\t\t\t\t\t<span class=\"elementor-screen-only\">Envelope<\/span>\n\t\t\t\t\t\t<i class=\"far fa-envelope\"><\/i>\t\t\t\t\t<\/a>\n\t\t\t\t<\/span>\n\t\t\t\t\t<\/div>\n\t\t\t\t\t\t<\/div>\n\t\t\t\t<\/div>\n\t\t\t\t<div class=\"elementor-element elementor-element-280a8b60 elementor-absolute elementor-widget elementor-widget-spacer\" data-id=\"280a8b60\" data-element_type=\"widget\" data-settings=\"{&quot;_position&quot;:&quot;absolute&quot;}\" data-widget_type=\"spacer.default\">\n\t\t\t\t<div class=\"elementor-widget-container\">\n\t\t\t\t\t\t\t<div class=\"elementor-spacer\">\n\t\t\t<div class=\"elementor-spacer-inner\"><\/div>\n\t\t<\/div>\n\t\t\t\t\t\t<\/div>\n\t\t\t\t<\/div>\n\t\t\t\t<div class=\"elementor-element elementor-element-1fdf081b elementor-absolute elementor-widget elementor-widget-spacer\" data-id=\"1fdf081b\" data-element_type=\"widget\" data-settings=\"{&quot;_position&quot;:&quot;absolute&quot;}\" data-widget_type=\"spacer.default\">\n\t\t\t\t<div class=\"elementor-widget-container\">\n\t\t\t\t\t\t\t<div class=\"elementor-spacer\">\n\t\t\t<div class=\"elementor-spacer-inner\"><\/div>\n\t\t<\/div>\n\t\t\t\t\t\t<\/div>\n\t\t\t\t<\/div>\n\t\t\t\t<section class=\"elementor-section elementor-inner-section elementor-element elementor-element-41833bf8 elementor-section-boxed elementor-section-height-default elementor-section-height-default\" data-id=\"41833bf8\" data-element_type=\"section\">\n\t\t\t\t\t\t<div class=\"elementor-container elementor-column-gap-default\">\n\t\t\t\t\t<div class=\"elementor-column elementor-col-100 elementor-inner-column elementor-element elementor-element-2e6dd2b9\" data-id=\"2e6dd2b9\" data-element_type=\"column\">\n\t\t\t<div class=\"elementor-widget-wrap elementor-element-populated\">\n\t\t\t\t\t\t<div class=\"elementor-element elementor-element-6a23bc45 elementor-widget__width-auto elementor-widget elementor-widget-heading\" data-id=\"6a23bc45\" data-element_type=\"widget\" data-widget_type=\"heading.default\">\n\t\t\t\t<div class=\"elementor-widget-container\">\n\t\t\t\t\t<span class=\"elementor-heading-title elementor-size-default\"><a href=\"https:\/\/duran.hr\/hr\/\">Naslovnica - <\/a><\/span>\t\t\t\t<\/div>\n\t\t\t\t<\/div>\n\t\t\t\t<div class=\"elementor-element elementor-element-7ec0c13e elementor-widget__width-auto elementor-widget elementor-widget-heading\" data-id=\"7ec0c13e\" data-element_type=\"widget\" data-widget_type=\"heading.default\">\n\t\t\t\t<div class=\"elementor-widget-container\">\n\t\t\t\t\t<span class=\"elementor-heading-title elementor-size-default\"><a href=\"https:\/\/duran.hr\/hr\/pravne-usluge\/\">Pravne usluge<\/a><\/span>\t\t\t\t<\/div>\n\t\t\t\t<\/div>\n\t\t\t\t<div class=\"elementor-element elementor-element-3f677988 elementor-widget elementor-widget-heading\" data-id=\"3f677988\" data-element_type=\"widget\" data-widget_type=\"heading.default\">\n\t\t\t\t<div class=\"elementor-widget-container\">\n\t\t\t\t\t<h2 class=\"elementor-heading-title elementor-size-default\">Pomorsko pravo<\/h2>\t\t\t\t<\/div>\n\t\t\t\t<\/div>\n\t\t\t\t\t<\/div>\n\t\t<\/div>\n\t\t\t\t\t<\/div>\n\t\t<\/section>\n\t\t\t\t\t<\/div>\n\t\t<\/div>\n\t\t\t\t\t<\/div>\n\t\t<\/section>\n\t\t\t\t<section class=\"elementor-section elementor-top-section elementor-element elementor-element-38c4a66d elementor-section-boxed elementor-section-height-default elementor-section-height-default\" data-id=\"38c4a66d\" data-element_type=\"section\" data-settings=\"{&quot;background_background&quot;:&quot;classic&quot;}\">\n\t\t\t\t\t\t<div class=\"elementor-container elementor-column-gap-default\">\n\t\t\t\t\t<div class=\"elementor-column elementor-col-50 elementor-top-column elementor-element elementor-element-6fce9212\" data-id=\"6fce9212\" data-element_type=\"column\">\n\t\t\t<div class=\"elementor-widget-wrap elementor-element-populated\">\n\t\t\t\t\t\t<div class=\"elementor-element elementor-element-54b60c91 elementor-widget elementor-widget-text-editor\" data-id=\"54b60c91\" data-element_type=\"widget\" data-widget_type=\"text-editor.default\">\n\t\t\t\t<div class=\"elementor-widget-container\">\n\t\t\t\t\t\t\t\t\t<p class=\"p1\">Na\u0161a ekspertiza u podru\u010dju pomorskog prava po\u010diva na razumijevanju me\u0111unarodnih konvencija, sporazuma te doma\u0107ih propisa koji reguliraju pomorski transport, trgovinu te me\u0111unarodne odnose.<\/p><p class=\"p1\">U podru\u010dju pomorskog prava, sura\u0111ivali smo s brodograditeljima, brodarima te kompanijama za komercijalni i tehni\u010dki management.<\/p><p class=\"p1\">Na\u0161e iskustvo obuhva\u0107a registraciju plovila, postupke osiguranja tra\u017ebina zaustavljanjem broda, parnice radi isplate tra\u017ebina pomorskih privilegija, postupke za naknadu \u0161tete itd. Tako\u0111er, odvjetni\u010dki ured \u0110uran sura\u0111uje s doma\u0107im i stranim brodogradili\u0161tima pri ugovaranju ili podugovaranju gra\u0111enja brodova, s bankama prilikom financiranja gradnje brodova te upisa hipoteka u upisnik brodova.<\/p>\t\t\t\t\t\t\t\t<\/div>\n\t\t\t\t<\/div>\n\t\t\t\t\t<\/div>\n\t\t<\/div>\n\t\t\t\t<div class=\"elementor-column elementor-col-50 elementor-top-column elementor-element elementor-element-5f1a58ad\" data-id=\"5f1a58ad\" data-element_type=\"column\">\n\t\t\t<div class=\"elementor-widget-wrap elementor-element-populated\">\n\t\t\t\t\t\t<section class=\"elementor-section elementor-inner-section elementor-element elementor-element-284898d elementor-section-boxed elementor-section-height-default elementor-section-height-default\" data-id=\"284898d\" data-element_type=\"section\" data-settings=\"{&quot;background_background&quot;:&quot;classic&quot;}\">\n\t\t\t\t\t\t<div class=\"elementor-container elementor-column-gap-default\">\n\t\t\t\t\t<div class=\"elementor-column elementor-col-100 elementor-inner-column elementor-element elementor-element-646e71d\" data-id=\"646e71d\" data-element_type=\"column\">\n\t\t\t<div class=\"elementor-widget-wrap elementor-element-populated\">\n\t\t\t\t\t\t<div class=\"elementor-element elementor-element-0c95a88 elementor-widget elementor-widget-heading\" data-id=\"0c95a88\" data-element_type=\"widget\" data-widget_type=\"heading.default\">\n\t\t\t\t<div class=\"elementor-widget-container\">\n\t\t\t\t\t<h5 class=\"elementor-heading-title elementor-size-default\">Ostale usluge<\/h5>\t\t\t\t<\/div>\n\t\t\t\t<\/div>\n\t\t\t\t<div class=\"elementor-element elementor-element-4635c65 elementor-widget elementor-widget-image\" data-id=\"4635c65\" data-element_type=\"widget\" data-widget_type=\"image.default\">\n\t\t\t\t<div class=\"elementor-widget-container\">\n\t\t\t\t\t\t\t\t\t\t\t\t\t\t\t<img fetchpriority=\"high\" decoding=\"async\" width=\"512\" height=\"512\" src=\"https:\/\/duran.hr\/wp-content\/uploads\/2023\/08\/mergers-and-acquisition_gold.png\" class=\"attachment-large size-large wp-image-765\" alt=\"\" srcset=\"https:\/\/duran.hr\/wp-content\/uploads\/2023\/08\/mergers-and-acquisition_gold.png 512w, https:\/\/duran.hr\/wp-content\/uploads\/2023\/08\/mergers-and-acquisition_gold-300x300.png 300w, https:\/\/duran.hr\/wp-content\/uploads\/2023\/08\/mergers-and-acquisition_gold-150x150.png 150w\" sizes=\"(max-width: 512px) 100vw, 512px\" \/>\t\t\t\t\t\t\t\t\t\t\t\t\t\t\t<\/div>\n\t\t\t\t<\/div>\n\t\t\t\t<div class=\"elementor-element elementor-element-315fd8f sidebar elementor-widget elementor-widget-text-editor\" data-id=\"315fd8f\" data-element_type=\"widget\" data-widget_type=\"text-editor.default\">\n\t\t\t\t<div class=\"elementor-widget-container\">\n\t\t\t\t\t\t\t\t\t<p><a style=\"color: inherit;\" href=\"https:\/\/duran.hr\/hr\/preuzimanja-i-akvizicije\/\">Preuzimanja i akvizicije<\/a><\/p>\n\t\t\t\t\t\t\t\t<\/div>\n\t\t\t\t<\/div>\n\t\t\t\t<div class=\"elementor-element elementor-element-4c9aa8a elementor-widget elementor-widget-image\" data-id=\"4c9aa8a\" data-element_type=\"widget\" data-widget_type=\"image.default\">\n\t\t\t\t<div class=\"elementor-widget-container\">\n\t\t\t\t\t\t\t\t\t\t\t\t\t\t\t<img decoding=\"async\" width=\"512\" height=\"512\" src=\"https:\/\/duran.hr\/wp-content\/uploads\/2023\/08\/dispute_resolution_gold.png\" class=\"attachment-large size-large wp-image-761\" alt=\"\" srcset=\"https:\/\/duran.hr\/wp-content\/uploads\/2023\/08\/dispute_resolution_gold.png 512w, https:\/\/duran.hr\/wp-content\/uploads\/2023\/08\/dispute_resolution_gold-300x300.png 300w, https:\/\/duran.hr\/wp-content\/uploads\/2023\/08\/dispute_resolution_gold-150x150.png 150w\" sizes=\"(max-width: 512px) 100vw, 512px\" \/>\t\t\t\t\t\t\t\t\t\t\t\t\t\t\t<\/div>\n\t\t\t\t<\/div>\n\t\t\t\t<div class=\"elementor-element elementor-element-3f8feee sidebar elementor-widget elementor-widget-text-editor\" data-id=\"3f8feee\" data-element_type=\"widget\" data-widget_type=\"text-editor.default\">\n\t\t\t\t<div class=\"elementor-widget-container\">\n\t\t\t\t\t\t\t\t\t<a style=\"color: inherit;\" href=\"https:\/\/duran.hr\/hr\/sporovi\/\">Sporovi<\/a>\t\t\t\t\t\t\t\t<\/div>\n\t\t\t\t<\/div>\n\t\t\t\t<div class=\"elementor-element elementor-element-077e16e elementor-widget elementor-widget-image\" data-id=\"077e16e\" data-element_type=\"widget\" data-widget_type=\"image.default\">\n\t\t\t\t<div class=\"elementor-widget-container\">\n\t\t\t\t\t\t\t\t\t\t\t\t\t\t\t<img decoding=\"async\" width=\"512\" height=\"512\" src=\"https:\/\/duran.hr\/wp-content\/uploads\/2023\/08\/real_estate_gold.png\" class=\"attachment-large size-large wp-image-759\" alt=\"\" srcset=\"https:\/\/duran.hr\/wp-content\/uploads\/2023\/08\/real_estate_gold.png 512w, https:\/\/duran.hr\/wp-content\/uploads\/2023\/08\/real_estate_gold-300x300.png 300w, https:\/\/duran.hr\/wp-content\/uploads\/2023\/08\/real_estate_gold-150x150.png 150w\" sizes=\"(max-width: 512px) 100vw, 512px\" \/>\t\t\t\t\t\t\t\t\t\t\t\t\t\t\t<\/div>\n\t\t\t\t<\/div>\n\t\t\t\t<div class=\"elementor-element elementor-element-21c8843 sidebar elementor-widget elementor-widget-text-editor\" data-id=\"21c8843\" data-element_type=\"widget\" data-widget_type=\"text-editor.default\">\n\t\t\t\t<div class=\"elementor-widget-container\">\n\t\t\t\t\t\t\t\t\t<a style=\"color: inherit;\" href=\"https:\/\/duran.hr\/hr\/nekretnine\/\">Nekretnine<\/a>\t\t\t\t\t\t\t\t<\/div>\n\t\t\t\t<\/div>\n\t\t\t\t<div class=\"elementor-element elementor-element-22ca3a0 elementor-widget elementor-widget-image\" data-id=\"22ca3a0\" data-element_type=\"widget\" data-widget_type=\"image.default\">\n\t\t\t\t<div class=\"elementor-widget-container\">\n\t\t\t\t\t\t\t\t\t\t\t\t\t\t\t<img loading=\"lazy\" decoding=\"async\" width=\"512\" height=\"512\" src=\"https:\/\/duran.hr\/wp-content\/uploads\/2023\/08\/tax_gold.png\" class=\"attachment-large size-large wp-image-757\" alt=\"\" srcset=\"https:\/\/duran.hr\/wp-content\/uploads\/2023\/08\/tax_gold.png 512w, https:\/\/duran.hr\/wp-content\/uploads\/2023\/08\/tax_gold-300x300.png 300w, https:\/\/duran.hr\/wp-content\/uploads\/2023\/08\/tax_gold-150x150.png 150w\" sizes=\"(max-width: 512px) 100vw, 512px\" \/>\t\t\t\t\t\t\t\t\t\t\t\t\t\t\t<\/div>\n\t\t\t\t<\/div>\n\t\t\t\t<div class=\"elementor-element elementor-element-f0928fe sidebar elementor-widget elementor-widget-text-editor\" data-id=\"f0928fe\" data-element_type=\"widget\" data-widget_type=\"text-editor.default\">\n\t\t\t\t<div class=\"elementor-widget-container\">\n\t\t\t\t\t\t\t\t\t<a style=\"color: inherit;\" href=\"https:\/\/duran.hr\/hr\/porezi\/\">Porezi<\/a>\t\t\t\t\t\t\t\t<\/div>\n\t\t\t\t<\/div>\n\t\t\t\t<div class=\"elementor-element elementor-element-4b0ef93 elementor-widget elementor-widget-image\" data-id=\"4b0ef93\" data-element_type=\"widget\" data-widget_type=\"image.default\">\n\t\t\t\t<div class=\"elementor-widget-container\">\n\t\t\t\t\t\t\t\t\t\t\t\t\t\t\t<img loading=\"lazy\" decoding=\"async\" width=\"512\" height=\"512\" src=\"https:\/\/duran.hr\/wp-content\/uploads\/2023\/08\/labour_law_gold.png\" class=\"attachment-large size-large wp-image-755\" alt=\"\" srcset=\"https:\/\/duran.hr\/wp-content\/uploads\/2023\/08\/labour_law_gold.png 512w, https:\/\/duran.hr\/wp-content\/uploads\/2023\/08\/labour_law_gold-300x300.png 300w, https:\/\/duran.hr\/wp-content\/uploads\/2023\/08\/labour_law_gold-150x150.png 150w\" sizes=\"(max-width: 512px) 100vw, 512px\" \/>\t\t\t\t\t\t\t\t\t\t\t\t\t\t\t<\/div>\n\t\t\t\t<\/div>\n\t\t\t\t<div class=\"elementor-element elementor-element-4be563e sidebar elementor-widget elementor-widget-text-editor\" data-id=\"4be563e\" data-element_type=\"widget\" data-widget_type=\"text-editor.default\">\n\t\t\t\t<div class=\"elementor-widget-container\">\n\t\t\t\t\t\t\t\t\t<a style=\"color: inherit;\" href=\"https:\/\/duran.hr\/hr\/radno-pravo\/\">Radno pravo\n<\/a>\t\t\t\t\t\t\t\t<\/div>\n\t\t\t\t<\/div>\n\t\t\t\t<div class=\"elementor-element elementor-element-5b4176b elementor-widget elementor-widget-image\" data-id=\"5b4176b\" data-element_type=\"widget\" data-widget_type=\"image.default\">\n\t\t\t\t<div class=\"elementor-widget-container\">\n\t\t\t\t\t\t\t\t\t\t\t\t\t\t\t<img loading=\"lazy\" decoding=\"async\" width=\"512\" height=\"512\" src=\"https:\/\/duran.hr\/wp-content\/uploads\/2023\/08\/procurement_gold.png\" class=\"attachment-large size-large wp-image-753\" alt=\"\" srcset=\"https:\/\/duran.hr\/wp-content\/uploads\/2023\/08\/procurement_gold.png 512w, https:\/\/duran.hr\/wp-content\/uploads\/2023\/08\/procurement_gold-300x300.png 300w, https:\/\/duran.hr\/wp-content\/uploads\/2023\/08\/procurement_gold-150x150.png 150w\" sizes=\"(max-width: 512px) 100vw, 512px\" \/>\t\t\t\t\t\t\t\t\t\t\t\t\t\t\t<\/div>\n\t\t\t\t<\/div>\n\t\t\t\t<div class=\"elementor-element elementor-element-e895d3f sidebar elementor-widget elementor-widget-text-editor\" data-id=\"e895d3f\" data-element_type=\"widget\" data-widget_type=\"text-editor.default\">\n\t\t\t\t<div class=\"elementor-widget-container\">\n\t\t\t\t\t\t\t\t\t<a style=\"color: inherit;\" href=\"https:\/\/duran.hr\/hr\/javna-nabava\/\">Javna nabava\n<\/a>\t\t\t\t\t\t\t\t<\/div>\n\t\t\t\t<\/div>\n\t\t\t\t\t<\/div>\n\t\t<\/div>\n\t\t\t\t\t<\/div>\n\t\t<\/section>\n\t\t\t\t\t<\/div>\n\t\t<\/div>\n\t\t\t\t\t<\/div>\n\t\t<\/section>\n\t\t\t\t<\/div>\n\t\t","protected":false},"excerpt":{"rendered":"<p>Linkedin-in Phone-alt Envelope Naslovnica &#8211; Pravne usluge Na\u0161a ekspertiza u podru\u010dju pomorskog prava po\u010diva na razumijevanju me\u0111unarodnih konvencija, sporazuma te doma\u0107ih propisa koji reguliraju pomorski transport, trgovinu te me\u0111unarodne odnose. U podru\u010dju pomorskog prava, sura\u0111ivali smo s brodograditeljima, brodarima te kompanijama za komercijalni i tehni\u010dki management. Na\u0161e iskustvo obuhva\u0107a registraciju plovila, postupke osiguranja tra\u017ebina zaustavljanjem [&hellip;]<\/p>\n","protected":false},"author":1,"featured_media":0,"parent":0,"menu_order":0,"comment_status":"closed","ping_status":"closed","template":"","meta":{"footnotes":""},"class_list":["post-1214","page","type-page","status-publish","hentry"],"yoast_head":"<!-- This site is optimized with the Yoast SEO Premium plugin v24.3 (Yoast SEO v24.3) - https:\/\/yoast.com\/wordpress\/plugins\/seo\/ -->\n<title>Pomorsko pravo - Zvonimir \u0110uran<\/title>\n<meta name=\"description\" content=\"Sura\u0111ujemo s brodogradili\u0161tima i brodarima, pru\u017eamo usluge registracije plovila, osiguranja tra\u017ebina i pravnu podr\u0161ku u sporovima.\" \/>\n<meta name=\"robots\" content=\"index, follow, max-snippet:-1, max-image-preview:large, max-video-preview:-1\" \/>\n<link rel=\"canonical\" href=\"https:\/\/duran.hr\/maritime-law\/\" \/>\n<meta property=\"og:locale\" content=\"hr_HR\" \/>\n<meta property=\"og:type\" content=\"article\" \/>\n<meta property=\"og:title\" content=\"Pomorsko pravo\" \/>\n<meta property=\"og:description\" content=\"Na\u0161a pravna podr\u0161ka prilago\u0111ena je va\u0161im specifi\u010dnim potrebama i ciljevima. S dubokim razumijevanjem poslovnih procesa i tr\u017ei\u0161ne dinamike, omogu\u0107ujemo Vam da postignete svoje poslovne ciljeve uz minimiziranje pravnih rizika.\" \/>\n<meta property=\"og:url\" content=\"https:\/\/duran.hr\/maritime-law\/\" \/>\n<meta property=\"og:site_name\" content=\"Zvonimir \u0110uran\" \/>\n<meta property=\"article:modified_time\" content=\"2023-11-30T08:04:48+00:00\" \/>\n<meta property=\"og:image\" content=\"https:\/\/duran.hr\/wp-content\/uploads\/2023\/08\/mergers-and-acquisition_gold.png\" \/>\n<meta name=\"twitter:card\" content=\"summary_large_image\" \/>\n<meta name=\"twitter:label1\" content=\"Procijenjeno vrijeme \u010ditanja\" \/>\n\t<meta name=\"twitter:data1\" content=\"2 minute\" \/>\n<script type=\"application\/ld+json\" class=\"yoast-schema-graph\">{\"@context\":\"https:\/\/schema.org\",\"@graph\":[{\"@type\":\"WebPage\",\"@id\":\"https:\/\/duran.hr\/maritime-law\/\",\"url\":\"https:\/\/duran.hr\/maritime-law\/\",\"name\":\"Pomorsko pravo - Zvonimir \u0110uran\",\"isPartOf\":{\"@id\":\"https:\/\/duran.hr\/#website\"},\"primaryImageOfPage\":{\"@id\":\"https:\/\/duran.hr\/maritime-law\/#primaryimage\"},\"image\":{\"@id\":\"https:\/\/duran.hr\/maritime-law\/#primaryimage\"},\"thumbnailUrl\":\"https:\/\/duran.hr\/wp-content\/uploads\/2023\/08\/mergers-and-acquisition_gold.png\",\"datePublished\":\"2023-08-08T05:24:05+00:00\",\"dateModified\":\"2023-11-30T08:04:48+00:00\",\"description\":\"Sura\u0111ujemo s brodogradili\u0161tima i brodarima, pru\u017eamo usluge registracije plovila, osiguranja tra\u017ebina i pravnu podr\u0161ku u sporovima.\",\"breadcrumb\":{\"@id\":\"https:\/\/duran.hr\/maritime-law\/#breadcrumb\"},\"inLanguage\":\"hr\",\"potentialAction\":[{\"@type\":\"ReadAction\",\"target\":[\"https:\/\/duran.hr\/maritime-law\/\"]}]},{\"@type\":\"ImageObject\",\"inLanguage\":\"hr\",\"@id\":\"https:\/\/duran.hr\/maritime-law\/#primaryimage\",\"url\":\"https:\/\/duran.hr\/wp-content\/uploads\/2023\/08\/mergers-and-acquisition_gold.png\",\"contentUrl\":\"https:\/\/duran.hr\/wp-content\/uploads\/2023\/08\/mergers-and-acquisition_gold.png\"},{\"@type\":\"BreadcrumbList\",\"@id\":\"https:\/\/duran.hr\/maritime-law\/#breadcrumb\",\"itemListElement\":[{\"@type\":\"ListItem\",\"position\":1,\"name\":\"Home\",\"item\":\"https:\/\/duran.hr\/hr\/\"},{\"@type\":\"ListItem\",\"position\":2,\"name\":\"Pomorsko pravo\"}]},{\"@type\":\"WebSite\",\"@id\":\"https:\/\/duran.hr\/#website\",\"url\":\"https:\/\/duran.hr\/\",\"name\":\"Zvonimir \u0110uran\",\"description\":\"Odvjetni\u010dki ured\",\"publisher\":{\"@id\":\"https:\/\/duran.hr\/#organization\"},\"alternateName\":\"Zvonimir \u0110uran\",\"potentialAction\":[{\"@type\":\"SearchAction\",\"target\":{\"@type\":\"EntryPoint\",\"urlTemplate\":\"https:\/\/duran.hr\/?s={search_term_string}\"},\"query-input\":{\"@type\":\"PropertyValueSpecification\",\"valueRequired\":true,\"valueName\":\"search_term_string\"}}],\"inLanguage\":\"hr\"},{\"@type\":\"Organization\",\"@id\":\"https:\/\/duran.hr\/#organization\",\"name\":\"Zvonimir \u0110uran\",\"alternateName\":\"Zvonimir \u0110uran\",\"url\":\"https:\/\/duran.hr\/\",\"logo\":{\"@type\":\"ImageObject\",\"inLanguage\":\"hr\",\"@id\":\"https:\/\/duran.hr\/#\/schema\/logo\/image\/\",\"url\":\"https:\/\/duran.hr\/wp-content\/uploads\/2023\/08\/duran_logo.png\",\"contentUrl\":\"https:\/\/duran.hr\/wp-content\/uploads\/2023\/08\/duran_logo.png\",\"width\":877,\"height\":234,\"caption\":\"Zvonimir \u0110uran\"},\"image\":{\"@id\":\"https:\/\/duran.hr\/#\/schema\/logo\/image\/\"},\"sameAs\":[\"https:\/\/hr.linkedin.com\/in\/zvonimir-uran-09699393\"]}]}<\/script>\n<!-- \/ Yoast SEO Premium plugin. -->","yoast_head_json":{"title":"Pomorsko pravo - Zvonimir \u0110uran","description":"Sura\u0111ujemo s brodogradili\u0161tima i brodarima, pru\u017eamo usluge registracije plovila, osiguranja tra\u017ebina i pravnu podr\u0161ku u sporovima.","robots":{"index":"index","follow":"follow","max-snippet":"max-snippet:-1","max-image-preview":"max-image-preview:large","max-video-preview":"max-video-preview:-1"},"canonical":"https:\/\/duran.hr\/maritime-law\/","og_locale":"hr_HR","og_type":"article","og_title":"Pomorsko pravo","og_description":"Na\u0161a pravna podr\u0161ka prilago\u0111ena je va\u0161im specifi\u010dnim potrebama i ciljevima. S dubokim razumijevanjem poslovnih procesa i tr\u017ei\u0161ne dinamike, omogu\u0107ujemo Vam da postignete svoje poslovne ciljeve uz minimiziranje pravnih rizika.","og_url":"https:\/\/duran.hr\/maritime-law\/","og_site_name":"Zvonimir \u0110uran","article_modified_time":"2023-11-30T08:04:48+00:00","og_image":[{"url":"https:\/\/duran.hr\/wp-content\/uploads\/2023\/08\/mergers-and-acquisition_gold.png","type":"","width":"","height":""}],"twitter_card":"summary_large_image","twitter_misc":{"Procijenjeno vrijeme \u010ditanja":"2 minute"},"schema":{"@context":"https:\/\/schema.org","@graph":[{"@type":"WebPage","@id":"https:\/\/duran.hr\/maritime-law\/","url":"https:\/\/duran.hr\/maritime-law\/","name":"Pomorsko pravo - Zvonimir \u0110uran","isPartOf":{"@id":"https:\/\/duran.hr\/#website"},"primaryImageOfPage":{"@id":"https:\/\/duran.hr\/maritime-law\/#primaryimage"},"image":{"@id":"https:\/\/duran.hr\/maritime-law\/#primaryimage"},"thumbnailUrl":"https:\/\/duran.hr\/wp-content\/uploads\/2023\/08\/mergers-and-acquisition_gold.png","datePublished":"2023-08-08T05:24:05+00:00","dateModified":"2023-11-30T08:04:48+00:00","description":"Sura\u0111ujemo s brodogradili\u0161tima i brodarima, pru\u017eamo usluge registracije plovila, osiguranja tra\u017ebina i pravnu podr\u0161ku u sporovima.","breadcrumb":{"@id":"https:\/\/duran.hr\/maritime-law\/#breadcrumb"},"inLanguage":"hr","potentialAction":[{"@type":"ReadAction","target":["https:\/\/duran.hr\/maritime-law\/"]}]},{"@type":"ImageObject","inLanguage":"hr","@id":"https:\/\/duran.hr\/maritime-law\/#primaryimage","url":"https:\/\/duran.hr\/wp-content\/uploads\/2023\/08\/mergers-and-acquisition_gold.png","contentUrl":"https:\/\/duran.hr\/wp-content\/uploads\/2023\/08\/mergers-and-acquisition_gold.png"},{"@type":"BreadcrumbList","@id":"https:\/\/duran.hr\/maritime-law\/#breadcrumb","itemListElement":[{"@type":"ListItem","position":1,"name":"Home","item":"https:\/\/duran.hr\/hr\/"},{"@type":"ListItem","position":2,"name":"Pomorsko pravo"}]},{"@type":"WebSite","@id":"https:\/\/duran.hr\/#website","url":"https:\/\/duran.hr\/","name":"Zvonimir \u0110uran","description":"Odvjetni\u010dki ured","publisher":{"@id":"https:\/\/duran.hr\/#organization"},"alternateName":"Zvonimir \u0110uran","potentialAction":[{"@type":"SearchAction","target":{"@type":"EntryPoint","urlTemplate":"https:\/\/duran.hr\/?s={search_term_string}"},"query-input":{"@type":"PropertyValueSpecification","valueRequired":true,"valueName":"search_term_string"}}],"inLanguage":"hr"},{"@type":"Organization","@id":"https:\/\/duran.hr\/#organization","name":"Zvonimir \u0110uran","alternateName":"Zvonimir \u0110uran","url":"https:\/\/duran.hr\/","logo":{"@type":"ImageObject","inLanguage":"hr","@id":"https:\/\/duran.hr\/#\/schema\/logo\/image\/","url":"https:\/\/duran.hr\/wp-content\/uploads\/2023\/08\/duran_logo.png","contentUrl":"https:\/\/duran.hr\/wp-content\/uploads\/2023\/08\/duran_logo.png","width":877,"height":234,"caption":"Zvonimir \u0110uran"},"image":{"@id":"https:\/\/duran.hr\/#\/schema\/logo\/image\/"},"sameAs":["https:\/\/hr.linkedin.com\/in\/zvonimir-uran-09699393"]}]}},"_links":{"self":[{"href":"https:\/\/duran.hr\/hr\/wp-json\/wp\/v2\/pages\/1214","targetHints":{"allow":["GET"]}}],"collection":[{"href":"https:\/\/duran.hr\/hr\/wp-json\/wp\/v2\/pages"}],"about":[{"href":"https:\/\/duran.hr\/hr\/wp-json\/wp\/v2\/types\/page"}],"author":[{"embeddable":true,"href":"https:\/\/duran.hr\/hr\/wp-json\/wp\/v2\/users\/1"}],"replies":[{"embeddable":true,"href":"https:\/\/duran.hr\/hr\/wp-json\/wp\/v2\/comments?post=1214"}],"version-history":[{"count":0,"href":"https:\/\/duran.hr\/hr\/wp-json\/wp\/v2\/pages\/1214\/revisions"}],"wp:attachment":[{"href":"https:\/\/duran.hr\/hr\/wp-json\/wp\/v2\/media?parent=1214"}],"curies":[{"name":"wp","href":"https:\/\/api.w.org\/{rel}","templated":true}]}}