{"id":1256,"date":"2023-08-08T07:48:32","date_gmt":"2023-08-08T05:48:32","guid":{"rendered":"https:\/\/duran.hr\/karijera\/"},"modified":"2023-11-30T09:17:16","modified_gmt":"2023-11-30T08:17:16","slug":"karijera","status":"publish","type":"page","link":"https:\/\/duran.hr\/hr\/karijera\/","title":{"rendered":"Karijera"},"content":{"rendered":"\t\t<div data-elementor-type=\"wp-page\" data-elementor-id=\"1256\" class=\"elementor elementor-1256 elementor-827\" data-elementor-post-type=\"page\">\n\t\t\t\t\t\t<section class=\"elementor-section elementor-top-section elementor-element elementor-element-4713ca02 elementor-section-full_width elementor-section-height-min-height elementor-section-items-stretch elementor-section-height-default\" data-id=\"4713ca02\" data-element_type=\"section\" data-settings=\"{&quot;background_background&quot;:&quot;classic&quot;}\">\n\t\t\t\t\t\t\t<div class=\"elementor-background-overlay\"><\/div>\n\t\t\t\t\t\t\t<div class=\"elementor-container elementor-column-gap-default\">\n\t\t\t\t\t<div class=\"elementor-column elementor-col-100 elementor-top-column elementor-element elementor-element-7de48df9\" data-id=\"7de48df9\" data-element_type=\"column\">\n\t\t\t<div class=\"elementor-widget-wrap elementor-element-populated\">\n\t\t\t\t\t\t<div class=\"elementor-element elementor-element-6e763bc elementor-widget__width-initial elementor-fixed elementor-hidden-phone elementor-widget elementor-widget-spacer\" data-id=\"6e763bc\" data-element_type=\"widget\" data-settings=\"{&quot;_position&quot;:&quot;fixed&quot;}\" data-widget_type=\"spacer.default\">\n\t\t\t\t<div class=\"elementor-widget-container\">\n\t\t\t\t\t\t\t<div class=\"elementor-spacer\">\n\t\t\t<div class=\"elementor-spacer-inner\"><\/div>\n\t\t<\/div>\n\t\t\t\t\t\t<\/div>\n\t\t\t\t<\/div>\n\t\t\t\t<div class=\"elementor-element elementor-element-1963ff1f elementor-grid-1 elementor-widget__width-initial elementor-fixed elementor-widget-tablet__width-initial elementor-hidden-phone elementor-shape-rounded e-grid-align-center elementor-widget elementor-widget-social-icons\" data-id=\"1963ff1f\" data-element_type=\"widget\" data-settings=\"{&quot;_position&quot;:&quot;fixed&quot;}\" data-widget_type=\"social-icons.default\">\n\t\t\t\t<div class=\"elementor-widget-container\">\n\t\t\t\t\t\t\t<div class=\"elementor-social-icons-wrapper elementor-grid\">\n\t\t\t\t\t\t\t<span class=\"elementor-grid-item\">\n\t\t\t\t\t<a class=\"elementor-icon elementor-social-icon elementor-social-icon-linkedin-in elementor-animation-grow elementor-repeater-item-67244ad\" href=\"https:\/\/www.linkedin.com\/in\/zvonimir-%C4%91uran-09699393\/\" target=\"_blank\">\n\t\t\t\t\t\t<span class=\"elementor-screen-only\">Linkedin-in<\/span>\n\t\t\t\t\t\t<i class=\"fab fa-linkedin-in\"><\/i>\t\t\t\t\t<\/a>\n\t\t\t\t<\/span>\n\t\t\t\t\t\t\t<span class=\"elementor-grid-item\">\n\t\t\t\t\t<a class=\"elementor-icon elementor-social-icon elementor-social-icon-phone-alt elementor-animation-grow elementor-repeater-item-0a8f117\" href=\"tel:00385913093313\" target=\"_blank\">\n\t\t\t\t\t\t<span class=\"elementor-screen-only\">Phone-alt<\/span>\n\t\t\t\t\t\t<i class=\"fas fa-phone-alt\"><\/i>\t\t\t\t\t<\/a>\n\t\t\t\t<\/span>\n\t\t\t\t\t\t\t<span class=\"elementor-grid-item\">\n\t\t\t\t\t<a class=\"elementor-icon elementor-social-icon elementor-social-icon-envelope elementor-animation-grow elementor-repeater-item-0afeeec\" href=\"mailto:info@duran.hr\" target=\"_blank\">\n\t\t\t\t\t\t<span class=\"elementor-screen-only\">Envelope<\/span>\n\t\t\t\t\t\t<i class=\"far fa-envelope\"><\/i>\t\t\t\t\t<\/a>\n\t\t\t\t<\/span>\n\t\t\t\t\t<\/div>\n\t\t\t\t\t\t<\/div>\n\t\t\t\t<\/div>\n\t\t\t\t<div class=\"elementor-element elementor-element-280a8b60 elementor-absolute elementor-widget elementor-widget-spacer\" data-id=\"280a8b60\" data-element_type=\"widget\" data-settings=\"{&quot;_position&quot;:&quot;absolute&quot;}\" data-widget_type=\"spacer.default\">\n\t\t\t\t<div class=\"elementor-widget-container\">\n\t\t\t\t\t\t\t<div class=\"elementor-spacer\">\n\t\t\t<div class=\"elementor-spacer-inner\"><\/div>\n\t\t<\/div>\n\t\t\t\t\t\t<\/div>\n\t\t\t\t<\/div>\n\t\t\t\t<div class=\"elementor-element elementor-element-1fdf081b elementor-absolute elementor-widget elementor-widget-spacer\" data-id=\"1fdf081b\" data-element_type=\"widget\" data-settings=\"{&quot;_position&quot;:&quot;absolute&quot;}\" data-widget_type=\"spacer.default\">\n\t\t\t\t<div class=\"elementor-widget-container\">\n\t\t\t\t\t\t\t<div class=\"elementor-spacer\">\n\t\t\t<div class=\"elementor-spacer-inner\"><\/div>\n\t\t<\/div>\n\t\t\t\t\t\t<\/div>\n\t\t\t\t<\/div>\n\t\t\t\t<section class=\"elementor-section elementor-inner-section elementor-element elementor-element-41833bf8 elementor-section-boxed elementor-section-height-default elementor-section-height-default\" data-id=\"41833bf8\" data-element_type=\"section\">\n\t\t\t\t\t\t<div class=\"elementor-container elementor-column-gap-default\">\n\t\t\t\t\t<div class=\"elementor-column elementor-col-100 elementor-inner-column elementor-element elementor-element-2e6dd2b9\" data-id=\"2e6dd2b9\" data-element_type=\"column\">\n\t\t\t<div class=\"elementor-widget-wrap elementor-element-populated\">\n\t\t\t\t\t\t<div class=\"elementor-element elementor-element-6a23bc45 elementor-widget__width-auto elementor-widget elementor-widget-heading\" data-id=\"6a23bc45\" data-element_type=\"widget\" data-widget_type=\"heading.default\">\n\t\t\t\t<div class=\"elementor-widget-container\">\n\t\t\t\t\t<span class=\"elementor-heading-title elementor-size-default\"><a href=\"https:\/\/duran.hr\/hr\/\">Naslovnica - <\/a><\/span>\t\t\t\t<\/div>\n\t\t\t\t<\/div>\n\t\t\t\t<div class=\"elementor-element elementor-element-7ec0c13e elementor-widget__width-auto elementor-widget elementor-widget-heading\" data-id=\"7ec0c13e\" data-element_type=\"widget\" data-widget_type=\"heading.default\">\n\t\t\t\t<div class=\"elementor-widget-container\">\n\t\t\t\t\t<span class=\"elementor-heading-title elementor-size-default\"><a href=\"https:\/\/duran.hr\/careers\/\">Karijera<\/a><\/span>\t\t\t\t<\/div>\n\t\t\t\t<\/div>\n\t\t\t\t<div class=\"elementor-element elementor-element-3f677988 elementor-widget elementor-widget-heading\" data-id=\"3f677988\" data-element_type=\"widget\" data-widget_type=\"heading.default\">\n\t\t\t\t<div class=\"elementor-widget-container\">\n\t\t\t\t\t<h2 class=\"elementor-heading-title elementor-size-default\">Karijera<\/h2>\t\t\t\t<\/div>\n\t\t\t\t<\/div>\n\t\t\t\t\t<\/div>\n\t\t<\/div>\n\t\t\t\t\t<\/div>\n\t\t<\/section>\n\t\t\t\t\t<\/div>\n\t\t<\/div>\n\t\t\t\t\t<\/div>\n\t\t<\/section>\n\t\t\t\t<section class=\"elementor-section elementor-top-section elementor-element elementor-element-38c4a66d elementor-section-boxed elementor-section-height-default elementor-section-height-default\" data-id=\"38c4a66d\" data-element_type=\"section\" data-settings=\"{&quot;background_background&quot;:&quot;classic&quot;}\">\n\t\t\t\t\t\t<div class=\"elementor-container elementor-column-gap-default\">\n\t\t\t\t\t<div class=\"elementor-column elementor-col-100 elementor-top-column elementor-element elementor-element-6fce9212\" data-id=\"6fce9212\" data-element_type=\"column\">\n\t\t\t<div class=\"elementor-widget-wrap elementor-element-populated\">\n\t\t\t\t\t\t<div class=\"elementor-element elementor-element-54b60c91 elementor-widget elementor-widget-text-editor\" data-id=\"54b60c91\" data-element_type=\"widget\" data-widget_type=\"text-editor.default\">\n\t\t\t\t<div class=\"elementor-widget-container\">\n\t\t\t\t\t\t\t\t\t<p class=\"p1\">U odvjetni\u010dkom uredu \u0110uran \u010dvrsto vjerujemo da su ljudi klju\u010dni faktor u pru\u017eanju pravne podr\u0161ke. Predani smo pronala\u017eenju ambicioznih i svestranih pravnika koji \u0107e se uklopiti u na\u0161e dinami\u010dno radno okru\u017eenje. Ako te\u017eite dinamici i izazovima, pozivamo vas da nam se javite i postanete dio na\u0161eg tima. <\/p>\n\t\t\t\t\t\t\t\t<\/div>\n\t\t\t\t<\/div>\n\t\t\t\t<section class=\"elementor-section elementor-inner-section elementor-element elementor-element-ee9ad6d elementor-section-boxed elementor-section-height-default elementor-section-height-default\" data-id=\"ee9ad6d\" data-element_type=\"section\">\n\t\t\t\t\t\t<div class=\"elementor-container elementor-column-gap-default\">\n\t\t\t\t\t<div class=\"elementor-column elementor-col-50 elementor-inner-column elementor-element elementor-element-b2615bb\" data-id=\"b2615bb\" data-element_type=\"column\">\n\t\t\t<div class=\"elementor-widget-wrap elementor-element-populated\">\n\t\t\t\t\t\t<div class=\"elementor-element elementor-element-e93fc16 elementor-widget elementor-widget-heading\" data-id=\"e93fc16\" data-element_type=\"widget\" data-widget_type=\"heading.default\">\n\t\t\t\t<div class=\"elementor-widget-container\">\n\t\t\t\t\t<h4 class=\"elementor-heading-title elementor-size-default\">\u0160to nudimo?<\/h4>\t\t\t\t<\/div>\n\t\t\t\t<\/div>\n\t\t\t\t<div class=\"elementor-element elementor-element-fd8950d elementor-widget elementor-widget-text-editor\" data-id=\"fd8950d\" data-element_type=\"widget\" data-widget_type=\"text-editor.default\">\n\t\t\t\t<div class=\"elementor-widget-container\">\n\t\t\t\t\t\t\t\t\t<p class=\"p1\"><span style=\"text-decoration: underline;\"><strong><span class=\"s1\">Mentorstvo i razvoj<\/span>:<\/strong><\/span> <br \/>Ula\u017eemo napore da prepoznamo talente te im osiguramo najbolje prilike za profesionalni rast i razvoj.<\/p><p class=\"p1\"><span style=\"text-decoration: underline;\"><strong><span class=\"s1\">Posve\u0107enost:<\/span><\/strong><\/span> <br \/>Poti\u010demo na\u0161e ljude na samostalnost u predlaganju pravnih strategija te na predanost u bavljenju pravom.<\/p><p class=\"p1\"><span style=\"text-decoration: underline;\"><strong><span class=\"s1\">Inovativnost:<\/span><\/strong><\/span> <br \/>Radno okru\u017eenje koje poti\u010de usvajanje suvremenih pravnih trendova. Pridru\u017eite se timu koji pru\u017ea vrhunske pravne usluge u razli\u010ditim pravnim sektorima.<\/p><p class=\"p1\"><span style=\"text-decoration: underline;\"><strong><span class=\"s1\">Ravnote\u017ea:<\/span><\/strong><\/span> <br \/>Prepoznajemo va\u017enost odr\u017eavanja balansa izme\u0111u poslovnog i privatnog \u017eivota.<\/p>\t\t\t\t\t\t\t\t<\/div>\n\t\t\t\t<\/div>\n\t\t\t\t\t<\/div>\n\t\t<\/div>\n\t\t\t\t<div class=\"elementor-column elementor-col-50 elementor-inner-column elementor-element elementor-element-0d4ecbb\" data-id=\"0d4ecbb\" data-element_type=\"column\" data-settings=\"{&quot;background_background&quot;:&quot;classic&quot;}\">\n\t\t\t<div class=\"elementor-widget-wrap elementor-element-populated\">\n\t\t\t\t\t\t<div class=\"elementor-element elementor-element-fa23d73 elementor-widget elementor-widget-heading\" data-id=\"fa23d73\" data-element_type=\"widget\" data-widget_type=\"heading.default\">\n\t\t\t\t<div class=\"elementor-widget-container\">\n\t\t\t\t\t<h4 class=\"elementor-heading-title elementor-size-default\">Prijavu mo\u017eete poslati na<\/h4>\t\t\t\t<\/div>\n\t\t\t\t<\/div>\n\t\t\t\t<div class=\"elementor-element elementor-element-fd48001 elementor-button-align-start elementor-widget elementor-widget-form\" data-id=\"fd48001\" data-element_type=\"widget\" data-settings=\"{&quot;step_next_label&quot;:&quot;Idu\\u0107e&quot;,&quot;step_previous_label&quot;:&quot;Prethodno&quot;,&quot;button_width&quot;:&quot;100&quot;,&quot;step_type&quot;:&quot;number_text&quot;,&quot;step_icon_shape&quot;:&quot;circle&quot;}\" data-widget_type=\"form.default\">\n\t\t\t\t<div class=\"elementor-widget-container\">\n\t\t\t\t\t\t\t<form class=\"elementor-form\" method=\"post\" name=\"New Form\">\n\t\t\t<input type=\"hidden\" name=\"post_id\" value=\"1256\"\/>\n\t\t\t<input type=\"hidden\" name=\"form_id\" value=\"fd48001\"\/>\n\t\t\t<input type=\"hidden\" name=\"referer_title\" value=\"Zvonimir \u0110uran\" \/>\n\n\t\t\t\n\t\t\t<div class=\"elementor-form-fields-wrapper elementor-labels-above\">\n\t\t\t\t\t\t\t\t<div class=\"elementor-field-type-text elementor-field-group elementor-column elementor-field-group-name elementor-col-100 elementor-field-required\">\n\t\t\t\t\t\t\t\t\t\t\t\t\t<input size=\"1\" type=\"text\" name=\"form_fields[name]\" id=\"form-field-name\" class=\"elementor-field elementor-size-md  elementor-field-textual\" placeholder=\"Ime i prezime\" required=\"required\">\n\t\t\t\t\t\t\t\t\t\t\t<\/div>\n\t\t\t\t\t\t\t\t<div class=\"elementor-field-type-email elementor-field-group elementor-column elementor-field-group-field_7d8f511 elementor-col-100 elementor-field-required\">\n\t\t\t\t\t\t\t\t\t\t\t\t\t<input size=\"1\" type=\"email\" name=\"form_fields[field_7d8f511]\" id=\"form-field-field_7d8f511\" class=\"elementor-field elementor-size-md  elementor-field-textual\" placeholder=\"Email\" required=\"required\">\n\t\t\t\t\t\t\t\t\t\t\t<\/div>\n\t\t\t\t\t\t\t\t<div class=\"elementor-field-type-tel elementor-field-group elementor-column elementor-field-group-email elementor-col-100 elementor-field-required\">\n\t\t\t\t\t\t\t<input size=\"1\" type=\"tel\" name=\"form_fields[email]\" id=\"form-field-email\" class=\"elementor-field elementor-size-md  elementor-field-textual\" placeholder=\"Broj mobitela\" required=\"required\" pattern=\"[0-9()#&amp;+*-=.]+\" title=\"Only numbers and phone characters (#, -, *, etc) are accepted.\">\n\n\t\t\t\t\t\t<\/div>\n\t\t\t\t\t\t\t\t<div class=\"elementor-field-type-upload elementor-field-group elementor-column elementor-field-group-field_0235aaf elementor-col-100 elementor-field-required\">\n\t\t\t\t\t\t\t<input type=\"file\" name=\"form_fields[field_0235aaf][]\" id=\"form-field-field_0235aaf\" class=\"elementor-field elementor-size-md  elementor-upload-field\" required=\"required\" multiple=\"multiple\">\n\n\t\t\t\t\t\t<\/div>\n\t\t\t\t\t\t\t\t<div class=\"elementor-field-type-textarea elementor-field-group elementor-column elementor-field-group-message elementor-col-100 elementor-field-required\">\n\t\t\t\t\t<textarea class=\"elementor-field-textual elementor-field  elementor-size-md\" name=\"form_fields[message]\" id=\"form-field-message\" rows=\"4\" placeholder=\"Poruka\" required=\"required\"><\/textarea>\t\t\t\t<\/div>\n\t\t\t\t\t\t\t\t<div class=\"elementor-field-group elementor-column elementor-field-type-submit elementor-col-100 e-form__buttons\">\n\t\t\t\t\t<button class=\"elementor-button elementor-size-md\" type=\"submit\">\n\t\t\t\t\t\t<span class=\"elementor-button-content-wrapper\">\n\t\t\t\t\t\t\t\t\t\t\t\t\t\t\t\t\t\t\t\t\t\t<span class=\"elementor-button-text\">Po\u0161alji<\/span>\n\t\t\t\t\t\t\t\t\t\t\t\t\t<\/span>\n\t\t\t\t\t<\/button>\n\t\t\t\t<\/div>\n\t\t\t<\/div>\n\t\t<\/form>\n\t\t\t\t\t\t<\/div>\n\t\t\t\t<\/div>\n\t\t\t\t<div class=\"elementor-element elementor-element-3f7eac7 elementor-invisible elementor-widget elementor-widget-text-editor\" data-id=\"3f7eac7\" data-element_type=\"widget\" data-settings=\"{&quot;_animation&quot;:&quot;fadeInUp&quot;,&quot;_animation_delay&quot;:&quot;400&quot;}\" data-widget_type=\"text-editor.default\">\n\t\t\t\t<div class=\"elementor-widget-container\">\n\t\t\t\t\t\t\t\t\t<p>Po\u0161tujemo va\u0161u privatnost i brinemo o za\u0161titi va\u0161ih osobnih podataka. Va\u0161 upit smatra se odvjetni\u010dkom tajnom, stoga svaka informacija koju s nama podijelite ostaje strogo povjerljiva.  <\/p>\n\t\t\t\t\t\t\t\t<\/div>\n\t\t\t\t<\/div>\n\t\t\t\t\t<\/div>\n\t\t<\/div>\n\t\t\t\t\t<\/div>\n\t\t<\/section>\n\t\t\t\t\t<\/div>\n\t\t<\/div>\n\t\t\t\t\t<\/div>\n\t\t<\/section>\n\t\t\t\t<\/div>\n\t\t","protected":false},"excerpt":{"rendered":"<p>Linkedin-in Phone-alt Envelope Naslovnica &#8211; Karijera U odvjetni\u010dkom uredu \u0110uran \u010dvrsto vjerujemo da su ljudi klju\u010dni faktor u pru\u017eanju pravne podr\u0161ke. Predani smo pronala\u017eenju ambicioznih i svestranih pravnika koji \u0107e se uklopiti u na\u0161e dinami\u010dno radno okru\u017eenje. Ako te\u017eite dinamici i izazovima, pozivamo vas da nam se javite i postanete dio na\u0161eg tima. \u0160to nudimo? [&hellip;]<\/p>\n","protected":false},"author":1,"featured_media":0,"parent":0,"menu_order":0,"comment_status":"closed","ping_status":"closed","template":"","meta":{"footnotes":""},"class_list":["post-1256","page","type-page","status-publish","hentry"],"yoast_head":"<!-- This site is optimized with the Yoast SEO Premium plugin v24.3 (Yoast SEO v24.3) - https:\/\/yoast.com\/wordpress\/plugins\/seo\/ -->\n<title>Karijera - Zvonimir \u0110uran<\/title>\n<meta name=\"description\" content=\"Pridru\u017eite se odvjetni\u010dkom uredu \u0110uran, razvijte svoju karijeru uz mentorstvo, inovativnost i ravnote\u017eu izme\u0111u poslovnog i privatnog \u017eivota.\" \/>\n<meta name=\"robots\" content=\"index, follow, max-snippet:-1, max-image-preview:large, max-video-preview:-1\" \/>\n<link rel=\"canonical\" href=\"https:\/\/duran.hr\/hr\/karijera\/\" \/>\n<meta property=\"og:locale\" content=\"hr_HR\" \/>\n<meta property=\"og:type\" content=\"article\" \/>\n<meta property=\"og:title\" content=\"Karijera\" \/>\n<meta property=\"og:description\" content=\"Na\u0161a pravna podr\u0161ka prilago\u0111ena je va\u0161im specifi\u010dnim potrebama i ciljevima. S dubokim razumijevanjem poslovnih procesa i tr\u017ei\u0161ne dinamike, omogu\u0107ujemo Vam da postignete svoje poslovne ciljeve uz minimiziranje pravnih rizika.\" \/>\n<meta property=\"og:url\" content=\"https:\/\/duran.hr\/hr\/karijera\/\" \/>\n<meta property=\"og:site_name\" content=\"Zvonimir \u0110uran\" \/>\n<meta property=\"article:modified_time\" content=\"2023-11-30T08:17:16+00:00\" \/>\n<meta property=\"og:image\" content=\"https:\/\/duran.hr\/wp-content\/uploads\/2023\/08\/duran_logo.png\" \/>\n\t<meta property=\"og:image:width\" content=\"877\" \/>\n\t<meta property=\"og:image:height\" content=\"234\" \/>\n\t<meta property=\"og:image:type\" content=\"image\/png\" \/>\n<meta name=\"twitter:card\" content=\"summary_large_image\" \/>\n<meta name=\"twitter:label1\" content=\"Procijenjeno vrijeme \u010ditanja\" \/>\n\t<meta name=\"twitter:data1\" content=\"1 minuta\" \/>\n<script type=\"application\/ld+json\" class=\"yoast-schema-graph\">{\"@context\":\"https:\/\/schema.org\",\"@graph\":[{\"@type\":\"WebPage\",\"@id\":\"https:\/\/duran.hr\/hr\/karijera\/\",\"url\":\"https:\/\/duran.hr\/hr\/karijera\/\",\"name\":\"Karijera - Zvonimir \u0110uran\",\"isPartOf\":{\"@id\":\"https:\/\/duran.hr\/#website\"},\"datePublished\":\"2023-08-08T05:48:32+00:00\",\"dateModified\":\"2023-11-30T08:17:16+00:00\",\"description\":\"Pridru\u017eite se odvjetni\u010dkom uredu \u0110uran, razvijte svoju karijeru uz mentorstvo, inovativnost i ravnote\u017eu izme\u0111u poslovnog i privatnog \u017eivota.\",\"breadcrumb\":{\"@id\":\"https:\/\/duran.hr\/hr\/karijera\/#breadcrumb\"},\"inLanguage\":\"hr\",\"potentialAction\":[{\"@type\":\"ReadAction\",\"target\":[\"https:\/\/duran.hr\/hr\/karijera\/\"]}]},{\"@type\":\"BreadcrumbList\",\"@id\":\"https:\/\/duran.hr\/hr\/karijera\/#breadcrumb\",\"itemListElement\":[{\"@type\":\"ListItem\",\"position\":1,\"name\":\"Home\",\"item\":\"https:\/\/duran.hr\/hr\/\"},{\"@type\":\"ListItem\",\"position\":2,\"name\":\"Karijera\"}]},{\"@type\":\"WebSite\",\"@id\":\"https:\/\/duran.hr\/#website\",\"url\":\"https:\/\/duran.hr\/\",\"name\":\"Zvonimir \u0110uran\",\"description\":\"Odvjetni\u010dki ured\",\"publisher\":{\"@id\":\"https:\/\/duran.hr\/#organization\"},\"alternateName\":\"Zvonimir \u0110uran\",\"potentialAction\":[{\"@type\":\"SearchAction\",\"target\":{\"@type\":\"EntryPoint\",\"urlTemplate\":\"https:\/\/duran.hr\/?s={search_term_string}\"},\"query-input\":{\"@type\":\"PropertyValueSpecification\",\"valueRequired\":true,\"valueName\":\"search_term_string\"}}],\"inLanguage\":\"hr\"},{\"@type\":\"Organization\",\"@id\":\"https:\/\/duran.hr\/#organization\",\"name\":\"Zvonimir \u0110uran\",\"alternateName\":\"Zvonimir \u0110uran\",\"url\":\"https:\/\/duran.hr\/\",\"logo\":{\"@type\":\"ImageObject\",\"inLanguage\":\"hr\",\"@id\":\"https:\/\/duran.hr\/#\/schema\/logo\/image\/\",\"url\":\"https:\/\/duran.hr\/wp-content\/uploads\/2023\/08\/duran_logo.png\",\"contentUrl\":\"https:\/\/duran.hr\/wp-content\/uploads\/2023\/08\/duran_logo.png\",\"width\":877,\"height\":234,\"caption\":\"Zvonimir \u0110uran\"},\"image\":{\"@id\":\"https:\/\/duran.hr\/#\/schema\/logo\/image\/\"},\"sameAs\":[\"https:\/\/hr.linkedin.com\/in\/zvonimir-uran-09699393\"]}]}<\/script>\n<!-- \/ Yoast SEO Premium plugin. -->","yoast_head_json":{"title":"Karijera - Zvonimir \u0110uran","description":"Pridru\u017eite se odvjetni\u010dkom uredu \u0110uran, razvijte svoju karijeru uz mentorstvo, inovativnost i ravnote\u017eu izme\u0111u poslovnog i privatnog \u017eivota.","robots":{"index":"index","follow":"follow","max-snippet":"max-snippet:-1","max-image-preview":"max-image-preview:large","max-video-preview":"max-video-preview:-1"},"canonical":"https:\/\/duran.hr\/hr\/karijera\/","og_locale":"hr_HR","og_type":"article","og_title":"Karijera","og_description":"Na\u0161a pravna podr\u0161ka prilago\u0111ena je va\u0161im specifi\u010dnim potrebama i ciljevima. S dubokim razumijevanjem poslovnih procesa i tr\u017ei\u0161ne dinamike, omogu\u0107ujemo Vam da postignete svoje poslovne ciljeve uz minimiziranje pravnih rizika.","og_url":"https:\/\/duran.hr\/hr\/karijera\/","og_site_name":"Zvonimir \u0110uran","article_modified_time":"2023-11-30T08:17:16+00:00","og_image":[{"width":877,"height":234,"url":"https:\/\/duran.hr\/wp-content\/uploads\/2023\/08\/duran_logo.png","type":"image\/png"}],"twitter_card":"summary_large_image","twitter_misc":{"Procijenjeno vrijeme \u010ditanja":"1 minuta"},"schema":{"@context":"https:\/\/schema.org","@graph":[{"@type":"WebPage","@id":"https:\/\/duran.hr\/hr\/karijera\/","url":"https:\/\/duran.hr\/hr\/karijera\/","name":"Karijera - Zvonimir \u0110uran","isPartOf":{"@id":"https:\/\/duran.hr\/#website"},"datePublished":"2023-08-08T05:48:32+00:00","dateModified":"2023-11-30T08:17:16+00:00","description":"Pridru\u017eite se odvjetni\u010dkom uredu \u0110uran, razvijte svoju karijeru uz mentorstvo, inovativnost i ravnote\u017eu izme\u0111u poslovnog i privatnog \u017eivota.","breadcrumb":{"@id":"https:\/\/duran.hr\/hr\/karijera\/#breadcrumb"},"inLanguage":"hr","potentialAction":[{"@type":"ReadAction","target":["https:\/\/duran.hr\/hr\/karijera\/"]}]},{"@type":"BreadcrumbList","@id":"https:\/\/duran.hr\/hr\/karijera\/#breadcrumb","itemListElement":[{"@type":"ListItem","position":1,"name":"Home","item":"https:\/\/duran.hr\/hr\/"},{"@type":"ListItem","position":2,"name":"Karijera"}]},{"@type":"WebSite","@id":"https:\/\/duran.hr\/#website","url":"https:\/\/duran.hr\/","name":"Zvonimir \u0110uran","description":"Odvjetni\u010dki ured","publisher":{"@id":"https:\/\/duran.hr\/#organization"},"alternateName":"Zvonimir \u0110uran","potentialAction":[{"@type":"SearchAction","target":{"@type":"EntryPoint","urlTemplate":"https:\/\/duran.hr\/?s={search_term_string}"},"query-input":{"@type":"PropertyValueSpecification","valueRequired":true,"valueName":"search_term_string"}}],"inLanguage":"hr"},{"@type":"Organization","@id":"https:\/\/duran.hr\/#organization","name":"Zvonimir \u0110uran","alternateName":"Zvonimir \u0110uran","url":"https:\/\/duran.hr\/","logo":{"@type":"ImageObject","inLanguage":"hr","@id":"https:\/\/duran.hr\/#\/schema\/logo\/image\/","url":"https:\/\/duran.hr\/wp-content\/uploads\/2023\/08\/duran_logo.png","contentUrl":"https:\/\/duran.hr\/wp-content\/uploads\/2023\/08\/duran_logo.png","width":877,"height":234,"caption":"Zvonimir \u0110uran"},"image":{"@id":"https:\/\/duran.hr\/#\/schema\/logo\/image\/"},"sameAs":["https:\/\/hr.linkedin.com\/in\/zvonimir-uran-09699393"]}]}},"_links":{"self":[{"href":"https:\/\/duran.hr\/hr\/wp-json\/wp\/v2\/pages\/1256","targetHints":{"allow":["GET"]}}],"collection":[{"href":"https:\/\/duran.hr\/hr\/wp-json\/wp\/v2\/pages"}],"about":[{"href":"https:\/\/duran.hr\/hr\/wp-json\/wp\/v2\/types\/page"}],"author":[{"embeddable":true,"href":"https:\/\/duran.hr\/hr\/wp-json\/wp\/v2\/users\/1"}],"replies":[{"embeddable":true,"href":"https:\/\/duran.hr\/hr\/wp-json\/wp\/v2\/comments?post=1256"}],"version-history":[{"count":0,"href":"https:\/\/duran.hr\/hr\/wp-json\/wp\/v2\/pages\/1256\/revisions"}],"wp:attachment":[{"href":"https:\/\/duran.hr\/hr\/wp-json\/wp\/v2\/media?parent=1256"}],"curies":[{"name":"wp","href":"https:\/\/api.w.org\/{rel}","templated":true}]}}